{"id":949,"date":"2019-11-14T12:50:57","date_gmt":"2019-11-14T14:50:57","guid":{"rendered":"http:\/\/therapystudio.eu\/?page_id=949"},"modified":"2020-02-12T11:40:47","modified_gmt":"2020-02-12T13:40:47","slug":"idomus-faktai-idomus-zmones","status":"publish","type":"page","link":"http:\/\/therapystudio.eu\/?page_id=949","title":{"rendered":"\u012edom\u016bs faktai, \u012fdom\u016bs \u017emon\u0117s"},"content":{"rendered":"\n<figure class=\"wp-block-embed-youtube wp-block-embed is-type-video is-provider-youtube wp-embed-aspect-16-9 wp-has-aspect-ratio\"><div class=\"wp-block-embed__wrapper\">\n<iframe title=\"Vocal Coach Reaction to Dimash Kudaibergen - S. O. S. Slavic Bazaar - Ken Tamplin\" width=\"640\" height=\"360\" src=\"https:\/\/www.youtube.com\/embed\/eU_kQ8dQLBk?feature=oembed\" frameborder=\"0\" allow=\"accelerometer; autoplay; encrypted-media; gyroscope; picture-in-picture\" allowfullscreen><\/iframe>\n<\/div><figcaption>Koks DIMASH diapazonas ir tikslus balso valdymas !<\/figcaption><\/figure>\n\n\n\n<figure class=\"wp-block-embed-youtube wp-block-embed is-type-video is-provider-youtube wp-embed-aspect-4-3 wp-has-aspect-ratio\"><div class=\"wp-block-embed__wrapper\">\n<iframe title=\"Bobby McFerrin - Thinkin&#039; About Your Body\" width=\"640\" height=\"480\" src=\"https:\/\/www.youtube.com\/embed\/_4BhsYbXwf4?feature=oembed\" frameborder=\"0\" allow=\"accelerometer; autoplay; encrypted-media; gyroscope; picture-in-picture\" allowfullscreen><\/iframe>\n<\/div><\/figure>\n\n\n\n<figure class=\"wp-block-embed-youtube wp-block-embed is-type-video is-provider-youtube wp-embed-aspect-16-9 wp-has-aspect-ratio\"><div class=\"wp-block-embed__wrapper\">\n<iframe title=\"Sound Healing Immersion with David Gibson\" width=\"640\" height=\"360\" src=\"https:\/\/www.youtube.com\/embed\/0qsPy9rxL0M?feature=oembed\" frameborder=\"0\" allow=\"accelerometer; autoplay; encrypted-media; gyroscope; picture-in-picture\" allowfullscreen><\/iframe>\n<\/div><\/figure>\n\n\n\n<figure class=\"wp-block-embed-youtube wp-block-embed is-type-video is-provider-youtube wp-embed-aspect-4-3 wp-has-aspect-ratio\"><div class=\"wp-block-embed__wrapper\">\n<iframe title=\"Jonathan Goldman - Sound Healing @ UPLIFT 2012\" width=\"640\" height=\"480\" src=\"https:\/\/www.youtube.com\/embed\/lL8VPf6fklM?feature=oembed\" frameborder=\"0\" allow=\"accelerometer; autoplay; encrypted-media; gyroscope; picture-in-picture\" allowfullscreen><\/iframe>\n<\/div><\/figure>\n\n\n\n<figure class=\"wp-block-embed-youtube wp-block-embed is-type-video is-provider-youtube wp-embed-aspect-16-9 wp-has-aspect-ratio\"><div class=\"wp-block-embed__wrapper\">\n<iframe title=\"Petras Dabri\u0161ius - \u0428\u0430\u043c\u0430\u043d\u0441\u043a\u0438\u0439 \u0440\u0438\u0442\u0443\u0430\u043b \u0441 \u0431\u0443\u0431\u043d\u043e\u043c - \u0422\u0430\u043b\u043b\u0438\u043d\u043d 28.02.2015\" width=\"640\" height=\"360\" src=\"https:\/\/www.youtube.com\/embed\/9yzXgtGnipA?feature=oembed\" frameborder=\"0\" allow=\"accelerometer; autoplay; encrypted-media; gyroscope; picture-in-picture\" allowfullscreen><\/iframe>\n<\/div><\/figure>\n\n\n\n<figure class=\"wp-block-embed-youtube wp-block-embed is-type-video is-provider-youtube wp-embed-aspect-16-9 wp-has-aspect-ratio\"><div class=\"wp-block-embed__wrapper\">\n<iframe title=\"Don Conreaux Interview\" width=\"640\" height=\"360\" src=\"https:\/\/www.youtube.com\/embed\/FqmdiKo0ua8?start=15&#038;feature=oembed\" frameborder=\"0\" allow=\"accelerometer; autoplay; encrypted-media; gyroscope; picture-in-picture\" allowfullscreen><\/iframe>\n<\/div><\/figure>\n\n\n\n<figure class=\"wp-block-embed-youtube wp-block-embed is-type-video is-provider-youtube wp-embed-aspect-16-9 wp-has-aspect-ratio\"><div class=\"wp-block-embed__wrapper\">\n<iframe title=\"A MAGICAL SOUND MADE BY THE EARTH - SINGING ICE\" width=\"640\" height=\"360\" src=\"https:\/\/www.youtube.com\/embed\/chxn2szgEAg?feature=oembed\" frameborder=\"0\" allow=\"accelerometer; autoplay; encrypted-media; gyroscope; picture-in-picture\" allowfullscreen><\/iframe>\n<\/div><\/figure>\n\n\n\n<figure class=\"wp-block-embed-youtube wp-block-embed is-type-video is-provider-youtube wp-embed-aspect-4-3 wp-has-aspect-ratio\"><div class=\"wp-block-embed__wrapper\">\n<iframe title=\"Water of Life\" width=\"640\" height=\"480\" src=\"https:\/\/www.youtube.com\/embed\/videoseries?list=RDEMPHbN0830ODjxoFq6BFBtQw\" frameborder=\"0\" allow=\"accelerometer; autoplay; encrypted-media; gyroscope; picture-in-picture\" allowfullscreen><\/iframe>\n<\/div><\/figure>\n\n\n\n<figure class=\"wp-block-embed-youtube wp-block-embed is-type-video is-provider-youtube wp-embed-aspect-16-9 wp-has-aspect-ratio\"><div class=\"wp-block-embed__wrapper\">\n<iframe title=\"Secrets of Cymatics II, a lecture by John Stuart Reid\" width=\"640\" height=\"360\" src=\"https:\/\/www.youtube.com\/embed\/K8w_frOvfGo?feature=oembed\" frameborder=\"0\" allow=\"accelerometer; autoplay; encrypted-media; gyroscope; picture-in-picture\" allowfullscreen><\/iframe>\n<\/div><figcaption>J.S.Reid hipotez\u0117: \u201eGarsas buvo gyvyb\u0117s atsiradimo organizatorius\u201c<\/figcaption><\/figure>\n","protected":false},"excerpt":{"rendered":"","protected":false},"author":1,"featured_media":0,"parent":0,"menu_order":0,"comment_status":"closed","ping_status":"closed","template":"","meta":{"spay_email":""},"_links":{"self":[{"href":"http:\/\/therapystudio.eu\/index.php?rest_route=\/wp\/v2\/pages\/949"}],"collection":[{"href":"http:\/\/therapystudio.eu\/index.php?rest_route=\/wp\/v2\/pages"}],"about":[{"href":"http:\/\/therapystudio.eu\/index.php?rest_route=\/wp\/v2\/types\/page"}],"author":[{"embeddable":true,"href":"http:\/\/therapystudio.eu\/index.php?rest_route=\/wp\/v2\/users\/1"}],"replies":[{"embeddable":true,"href":"http:\/\/therapystudio.eu\/index.php?rest_route=%2Fwp%2Fv2%2Fcomments&post=949"}],"version-history":[{"count":7,"href":"http:\/\/therapystudio.eu\/index.php?rest_route=\/wp\/v2\/pages\/949\/revisions"}],"predecessor-version":[{"id":1153,"href":"http:\/\/therapystudio.eu\/index.php?rest_route=\/wp\/v2\/pages\/949\/revisions\/1153"}],"wp:attachment":[{"href":"http:\/\/therapystudio.eu\/index.php?rest_route=%2Fwp%2Fv2%2Fmedia&parent=949"}],"curies":[{"name":"wp","href":"https:\/\/api.w.org\/{rel}","templated":true}]}}