{"id":848,"date":"2019-11-03T06:20:08","date_gmt":"2019-11-03T08:20:08","guid":{"rendered":"http:\/\/therapystudio.eu\/?page_id=848"},"modified":"2022-02-24T08:34:39","modified_gmt":"2022-02-24T10:34:39","slug":"apie-vmt","status":"publish","type":"page","link":"http:\/\/therapystudio.eu\/?page_id=848","title":{"rendered":"VAT poveikis ir InovaVMT"},"content":{"rendered":"\n<p>Visa materija energeti\u0161kai vibruoja, ir \u017emogaus k\u016bnas \u2013 ne i\u0161imtis. Vibracija ir garsas mums yra labai artimi, nes pirm\u0105 kart\u0105 su jais susiduriame jau motinos \u012fs\u010diose, jausdami jos \u0161irdies plakim\u0105 ir bals\u0105. Savo da\u017enius skleid\u017eia atomai, l\u0105stel\u0117s, visa augmenija ir gyv\u016bnija, m\u016bs\u0173 \u017dem\u0117, planetos, \u017evaig\u017ed\u0117s, galaktikos. Tik labai ma\u017e\u0105 \u0161i\u0173 vibracij\u0173 dal\u012f mes girdime kaip gars\u0105, matome kaip \u0161vies\u0105 ar jau\u010diame k\u016bnu. Mistikai, senov\u0117s i\u0161min\u010diai vis\u0105 Visatos \u012fvairi\u0173 dali\u0173 energijos pulsavim\u0105 vadino Garsu arba Muzika.<\/p>\n\n\n\n<p>Vibroakustin\u0117 terapija (arba VAT) &#8211; \u0161iuolaikin\u0117mis technologijomis paremta modernizuota gars\u0173 terapija su giliu masa\u017euojan\u010diu ir atpalaiduojan\u010diu poveikiu. Ji priskirtina ateities energin\u0117s medicinos kryp\u010diai, nes garsiniai virpesiai veikia k\u016bn\u0105:<\/p>\n\n\n\n<ul><li><strong> fiziologi\u0161kai <\/strong>&#8211; terapijos metu pacientas guli, s\u0117di ar stovi ant pavir\u0161iaus, prie kurio sumontuoti garsiakalbiai, tod\u0117l jau\u010dia muzik\u0105 visu k\u016bnu kaip vibracij\u0105, o ne tik gars\u0105 ausimis. Vibracijos stimuliuoja nervinius ry\u0161ius palei stubur\u0105, veikia \u012f smegen\u0173 kamien\u0105 ir tada &#8211; per limbin\u0119 sistem\u0105 aktyvuojamas klajoklinis nervas (Nervus vagus), kuris jungiasi su k\u016bno raumenimis ir vidaus organais. Smegenys \u201cliepia\u201d k\u016bnui atsipalaiduoti ir duoda signalus atitinkamiems organams \u201cu\u017etvindyti\u201d k\u016bn\u0105 nuotaik\u0105 kelian\u010diomis chemin\u0117mis med\u017eiagomis. \u017demas da\u017enis ypa\u010d efektyviai sukelia audini\u0173 atsipalaidavim\u0105, kraujagysli\u0173 i\u0161sipl\u0117tim\u0105 ir limfini\u0173 tak\u0173 atsiv\u0117rim\u0105. M\u016bs\u0173 k\u016bn\u0105 sudaro 50- 70% vandens. Garsas vandenyje keliauja 5 kartus grei\u010diau, nei per or\u0105, tod\u0117l garsini\u0173 da\u017eni\u0173 poveikis tiesiogiai \u012f k\u016bn\u0105 yra labai veiksminga priemon\u0117 viso k\u016bno stimuliacijai l\u0105steli\u0173 lygmenyje. <\/li><\/ul>\n\n\n\n<ul><li><strong>emoci\u0161kai <\/strong>&#8211; terapijos metu pacientas tiesiog \u201epriverstas\u201c pakeisti skub\u0173, streso kupin\u0105 gyvenimo temp\u0105 \u012f ramesn\u012f, skirti \u0161\u012f laik\u0105 tik sau nusiraminimui, atsipalaidavimui, meditacijai, vizualizacijai, sav\u0119s harmonizavimui. Dirbama individualiai ir d\u0117mesingai su kiekvienu apsilankiusiu, atsi\u017evelgiant \u012f jo poreikius, nusiskundimus, suteikiant kuo jaukesnes s\u0105lygas.<\/li><\/ul>\n\n\n\n<ul><li>subtiliame <strong>kvantiniame<\/strong> lygmenyje. Kvantin\u0117 fizika teigia, kad, pvz, atomo elektronas skrieja aplink branduol\u012f b\u016bdamas kaip banga, t.y. vienu metu visur savo orbitoje, ir tik mums stebint, jis atsiranda konkre\u010dioje vietoje, kaip elementari dalel\u0117. Tai rei\u0161kia, kad elektronas yra banga ir dalel\u0117 vienu metu. Nesant steb\u0117jimo, elektronas n\u0117ra nei dalel\u0117, nei banga, o ka\u017ekas nerealaus. Jis materializuojasi tik prad\u0117jus steb\u0117ti. Yra fizik\u0173, manan\u010di\u0173, kad tik \u017emogaus S\u0105mon\u0117 yra paj\u0117gi \u201esuardyti\u201c bangos funkcij\u0105, t.y. materializuoti. I\u0161eina, kad tada \u017emogaus s\u0105mon\u0117 yra nepaprastai ypatingas Gamtos darinys, gebantis \u201esutverti realyb\u0119\u201c, lygiai kaip tai dar\u0117 Dievas!. M\u0117nulis neegzistuoja, kai \u012f j\u012f ne\u017ei\u016bri! Pinig\u0173 neturi, nes nenori! Nepagyji, nes netiki! \u0160tai kod\u0117l terapijos metu be kit\u0173 faktori\u0173, padedan\u010di\u0173 atsipalaiduoti ir \u012feiti \u012f tam tikr\u0105 sakrali\u0105 b\u016bsen\u0105, svarbus tiek paciento, tiek ir terapeuto nusiteikimas norimam rezultatui.<\/li><\/ul>\n\n\n\n<p><a>Yra nema\u017eai VAT technologini\u0173 sprendim\u0173 ir kryp\u010di\u0173, ta\u010diau gal\u0117tume skirti \u0161ias kategorijas:<\/a><\/p>\n\n\n\n<ul><li><strong>Instrumentin\u0117 VAT<\/strong> &#8211; naudojami \u012frenginiai arba intrumentai, kuri\u0173 virpesiai perduodami \u012f k\u016bn\u0105 be jokios elektronikos i\u0161tempt\u0173 styg\u0173, rezonansini\u0173 plok\u0161teli\u0173, b\u016bgn\u0173, skamban\u010di\u0173 ind\u0173, pu\u010diam\u0173j\u0173 instrument\u0173 pagalba. Jai galime priskirti vibroakustin\u0117s arfos stal\u0105 (monochrom\u0105), slitdrum&#8217;\u0105, rezonuojant\u012f stal\u0105 su Himalaj\u0173 dubenimis, vibracines vantas pir\u010diai, b\u016bgnus, varpus ir kt.  Energetini\u0173 centr\u0173 i\u0161valymui ir subalansavimui pla\u010diai naudojami Himalaj\u0173 ir kri\u0161tolo dubenys, kamertonai, varpeliai, juos pridedant ant atitinkam\u0173 k\u016bno viet\u0173, kad j\u0173 vibracijos suaktyvint\u0173 energetinius ta\u0161kus. Tai vadinama \u012fvairiai &#8211; Bio-sound therapy, Sound healing therapy ir kt.. Seniau lietuviai negaluojant\u012f \u017emog\u0173 guldydavo po skamban\u010diu ba\u017eny\u010dios varpu.<\/li><\/ul>\n\n\n\n<figure class=\"wp-block-gallery columns-3 is-cropped\"><ul class=\"blocks-gallery-grid\"><li class=\"blocks-gallery-item\"><figure><img loading=\"lazy\" width=\"401\" height=\"300\" src=\"http:\/\/therapystudio.eu\/wp-content\/uploads\/2019\/11\/sound-table-w-harp.jpeg\" alt=\"\" data-id=\"929\" data-link=\"http:\/\/therapystudio.eu\/?attachment_id=929\" class=\"wp-image-929\" srcset=\"http:\/\/therapystudio.eu\/wp-content\/uploads\/2019\/11\/sound-table-w-harp.jpeg 401w, http:\/\/therapystudio.eu\/wp-content\/uploads\/2019\/11\/sound-table-w-harp-300x224.jpeg 300w\" sizes=\"(max-width: 401px) 100vw, 401px\" \/><\/figure><\/li><li class=\"blocks-gallery-item\"><figure><img loading=\"lazy\" width=\"393\" height=\"193\" src=\"http:\/\/therapystudio.eu\/wp-content\/uploads\/2019\/11\/sound-table-w-drum.jpeg\" alt=\"\" data-id=\"928\" data-link=\"http:\/\/therapystudio.eu\/?attachment_id=928\" class=\"wp-image-928\" srcset=\"http:\/\/therapystudio.eu\/wp-content\/uploads\/2019\/11\/sound-table-w-drum.jpeg 393w, http:\/\/therapystudio.eu\/wp-content\/uploads\/2019\/11\/sound-table-w-drum-300x147.jpeg 300w\" sizes=\"(max-width: 393px) 100vw, 393px\" \/><\/figure><\/li><li class=\"blocks-gallery-item\"><figure><img loading=\"lazy\" width=\"591\" height=\"432\" src=\"http:\/\/therapystudio.eu\/wp-content\/uploads\/2019\/11\/sound-table-w-bowls.jpeg\" alt=\"\" data-id=\"927\" data-link=\"http:\/\/therapystudio.eu\/?attachment_id=927\" class=\"wp-image-927\" srcset=\"http:\/\/therapystudio.eu\/wp-content\/uploads\/2019\/11\/sound-table-w-bowls.jpeg 591w, http:\/\/therapystudio.eu\/wp-content\/uploads\/2019\/11\/sound-table-w-bowls-300x219.jpeg 300w\" sizes=\"(max-width: 591px) 100vw, 591px\" \/><\/figure><\/li><\/ul><\/figure>\n\n\n\n<ul><li><strong>Elektronin\u0117 VAT<\/strong> &#8211; naudojami elektroniniai garso \u012fra\u0161ai, mai\u0161ymo ir stiprinimo aparat\u016bra. Elektronin\u0117 VAT dar turi \u0161iuos pogrupius:<ul><li><strong>Vieno da\u017enio VAT terapija<\/strong>, kai naudojami konkretus, prietaiso sugeneruotas akustinis virpesys, kur\u012f sukelia \u201e\u0161varaus\u201c &#8211; sinuso formos elektrinis signalas, paduodamas \u012f vibro- keitikl\u012f (transducer) arba \u012f \u017eemo da\u017enio garsiakalbius (subwoofers). \u0160i kryptis daugiau naudojama moksliniams tyrimams, siekiant nustatyti labiausiai efektingus da\u017enius, dozavim\u0105, k\u016bno reakcijas. Tyrimams naudojami sud\u0117tingi kompiuteriniai virpesi\u0173 analiz\u0117s metodai ir aparat\u016bra, bet yra ir paprast\u0173 komercini\u0173 terapini\u0173 \u012frengini\u0173 su nustatytomis skirting\u0173 da\u017eni\u0173 programomis. <\/li><li><strong>Vibroakustin\u0117 muzikin\u0117 (VMT) arba vibroakustin\u0117 garso (VGT) terapija, bendru atveju tai &#8211; taip pat vibroakustin\u0117 terapija (VAT), tik \u010dia \u012f k\u016bn\u0105 siun\u010diami ne kompiuterio ar generatoriaus sukeliami virpesiai, o special\u016bs gydomieji muzikiniai k\u016briniai <\/strong>su itin \u017eemo da\u017enio dedam\u0105ja. Muzikos k\u016brinys gali b\u016bti mai\u0161omas su smegen\u0173 ritm\u0105 sinchronizuojan\u010diais binauraliniais, kitais k\u016bn\u0105 stimuliuojan\u010diais da\u017eniais. \u0160iai terapijai b\u016btina plataus garsinio spektro aparat\u016bra, sub-\u017eemo da\u017enio garsiakalbiai ir galinga stiprinimo \u012franga. Kartais \u0161i terapija apjungia \u0161viesos, magnetinio ir biolauko bei kit\u0173 neinvazini\u0173 terapij\u0173 elementus.<\/li><\/ul><\/li><\/ul>\n\n\n\n<p>Elektronin\u0117s VAT kryptys naudoja specialiai parinktus muzikinius ir\/arba garsinius da\u017enius, kurie jau\u010diami visu k\u016bnu bei girdimi ausimis, ir  tai veikia kaip giliai atpalaiduojanti terapin\u0117 medicinin\u0117 priemon\u0117.<strong> <\/strong><\/p>\n\n\n\n<p>Pasaulyje yra naudojami \u012fvair\u016bs VAT ir VMT \u012frangos variantai, nuo nedideli\u0173 lokali\u0173 vibroakustini\u0173 masa\u017euokli\u0173 iki vibromasa\u017eo k\u0117d\u017ei\u0173, stal\u0173, lov\u0173 ar net atskir\u0173 vibroakustini\u0173 kambari\u0173. <\/p>\n\n\n\n<div class=\"wp-block-image\"><figure class=\"aligncenter is-resized\"><img loading=\"lazy\" src=\"http:\/\/therapystudio.eu\/wp-content\/uploads\/2019\/10\/VMT-pav-skaidre-1.jpeg\" alt=\"\" class=\"wp-image-770\" width=\"406\" height=\"279\"\/><figcaption>VAT ir VMT \u012frangos variantai<\/figcaption><\/figure><\/div>\n\n\n\n<p><strong>M\u016bs\u0173 studijoje atliekame kompleksin\u0119 harmonizavimo terapij\u0105, apjungian\u010di\u0105 \u0161ias proced\u016bras:<\/strong><\/p>\n\n\n\n<ul><li><strong>Elektronin\u0119 vibroakustin\u0119 terapij\u0105,<\/strong><\/li><li><strong>Binauralin\u0119 terapij\u0105,<\/strong><\/li><li><strong>BIO-SOUND HEALING proced\u016br\u0105,<\/strong><\/li><li><strong>Vizualizacij\u0105 su Cigun elementais<\/strong>,<\/li><li><strong>\u012e\u017eeminim\u0105,<\/strong><\/li><li><strong>\u0160viesos, aroma, ir kitus elementus.<\/strong><\/li><\/ul>\n\n\n\n<p><strong>Visa tai mes vadiname InovaVMT &#8211; inovatyvia vibroakustine muzikos ir gars\u0173 energijos terapija. Ji yra universali &#8211; tinka tiek sveikiems, tiek negaluojantiems pacientams. Ji ma\u017eina stres\u0105, atpalaiduoja ir harmonizuoja vis\u0105 organizm\u0105 fiziniame, emociniame ir kvantiniame lygmenyse, d\u0117l specialiai parinkt\u0173 l\u0117to tempo \u201efliuktuojan\u010dios energijos\u201c muzikos virpesi\u0173.<\/strong><\/p>\n\n\n\n<div class=\"wp-block-image\"><figure class=\"aligncenter is-resized\"><img loading=\"lazy\" src=\"http:\/\/therapystudio.eu\/wp-content\/uploads\/2019\/11\/InovaVMT-logo.jpeg\" alt=\"\" class=\"wp-image-930\" width=\"256\" height=\"60\" srcset=\"http:\/\/therapystudio.eu\/wp-content\/uploads\/2019\/11\/InovaVMT-logo.jpeg 432w, http:\/\/therapystudio.eu\/wp-content\/uploads\/2019\/11\/InovaVMT-logo-300x71.jpeg 300w\" sizes=\"(max-width: 256px) 100vw, 256px\" \/><\/figure><\/div>\n\n\n\n<p><strong>Pagrindinis m\u016bs\u0173 terapijos InovaVMT privalumas yra kompleksinis, plataus diapazono akustini\u0173 ir elektromagnetini\u0173 bang\u0173 poveikis, nes:<\/strong><\/p>\n\n\n\n<ul><li><strong>naudojami didelio diametro ir galios koncertiniai garsiakalbiai bei profesionalus studijinis garso traktas, gebantis perteikti itin \u017eemus ir auk\u0161tus virpesius (0 &#8211; &gt;100 000 Hz),<\/strong> tuo tarpu kitose sistemose apsiribojama vibrokeitikliais, ma\u017eais garsiakalbiais ir standartine Hi-fi diapazono (20-20 000Hz) stiprinimo aparat\u016bra,<\/li><li><strong>speciali muzika kelia virpesius su oro jud\u0117jimo ir elektromagnetinio lauko pulsacij\u0173 dedamosiomis, kurie nukreipiami per horizontalaus gulto sakralin\u012f (\u201eFlower of life\u201c mandalos formos) pavir\u0161i\u0173 \u012f paciento k\u016bn\u0105, kartu jau\u010diant ir viso gulto pavir\u0161iaus mechaninius virpesius, <\/strong>tuo tarpu kitose sistemose da\u017eniausiai apsiribojama akustiniu-mechaniniu pavir\u0161iaus virpinimu pagal standartin\u0119 relaksacin\u0119 muzik\u0105,<\/li><li><strong>proced\u016bra palydima \u0161viesos ir vizualiniais efektais bei papildomais garsiniais Himalaj\u0173 duben\u0173, binauralini\u0173 da\u017eni\u0173, gamtos garsais,<\/strong> o tai galima pasiekti tik studijoje dirbant su pacientu individualiai,<\/li><li><strong>proced\u016bra parenkama pagal paciento nusiskundim\u0173 pob\u016bd\u012f: <\/strong>sveikiems \u017emon\u0117ms naudojama universali harmonizuojanti programa, streso poveikio suma\u017einimui &#8211; giliai raminanti \u201eAntistress\u201c, depresijai \u201eAntidepresant\u201c, svorio reguliavimui &#8211; \u201eLoss weight\u201c, miego gerinimui &#8211; \u201eDeep sleep\u201c ir kitos, be to, esant konkretiems nusiskundimams, <strong>taikoma \u201eBio-Sound Healing\u201c terapija rank\u0173 ir Himalaj\u0173 duben\u0173 pagalba, <\/strong>veikiant energetinius centrus,<\/li><li><strong>studijoje pacientai priimami individualiai,<\/strong> o tai palanku giliau atsipalaiduoti, susikaupti, grei\u010diau \u201catsitiesti\u201d nuo ilgalaiki\u0173 nerimo sutrikim\u0173, depresijos, streso, skausmo, nemigos ir kit\u0173 negalavim\u0173. <\/li><li><strong>Klientas terapijos metu b\u016bna relaksuojan\u010dioje meditacin\u0117je b\u016bsenoje, kuri trunka iki 60 minu\u010di\u0173. Jos metu rami, pulsuojanti \u017eem\u0173 da\u017eni\u0173 elektronin\u0117 muzika vibruoja visu k\u016bnu bei girdima per daugiakanal\u0119 garso sistem\u0105 ir ausines, palydima vizualin\u0117mis vaizdo projekcijomis ir besikei\u010dian\u010diu spalvotu patalpos fonu. JAV muzikos terapeut\u0173 muzikos k\u016briniai papildomi dainuojan\u010di\u0173 Himalaj\u0173 duben\u0173 ir kit\u0173 instrument\u0173 garsais, grojimu sintezatoriais, nat\u016braliais aromatais, tod\u0117l kiekviena terapijos sesija yra vis kitokia ir unikali. Paciento pozityvus nusiteikimas, min\u010di\u0173 vizualizacija ir gars\u0173 poveikis stimuliuoja organizmo nat\u016bralias gydom\u0105sias galias<\/strong>.<\/li><\/ul>\n\n\n\n<div class=\"wp-block-image\"><figure class=\"aligncenter is-resized\"><img loading=\"lazy\" src=\"http:\/\/therapystudio.eu\/wp-content\/uploads\/2019\/11\/VMT-komponentai.jpeg\" alt=\"\" class=\"wp-image-850\" width=\"458\" height=\"344\" srcset=\"http:\/\/therapystudio.eu\/wp-content\/uploads\/2019\/11\/VMT-komponentai.jpeg 878w, http:\/\/therapystudio.eu\/wp-content\/uploads\/2019\/11\/VMT-komponentai-300x226.jpeg 300w, http:\/\/therapystudio.eu\/wp-content\/uploads\/2019\/11\/VMT-komponentai-768x578.jpeg 768w\" sizes=\"(max-width: 458px) 100vw, 458px\" \/><\/figure><\/div>\n\n\n\n<p><\/p>\n\n\n\n<div class=\"wp-block-image\"><figure class=\"aligncenter size-large\"><img loading=\"lazy\" width=\"500\" height=\"667\" src=\"http:\/\/therapystudio.eu\/wp-content\/uploads\/2019\/11\/InovaVMT-studija-2.jpg\" alt=\"\" class=\"wp-image-998\" srcset=\"http:\/\/therapystudio.eu\/wp-content\/uploads\/2019\/11\/InovaVMT-studija-2.jpg 500w, http:\/\/therapystudio.eu\/wp-content\/uploads\/2019\/11\/InovaVMT-studija-2-225x300.jpg 225w\" sizes=\"(max-width: 500px) 100vw, 500px\" \/><\/figure><\/div>\n\n\n\n<div class=\"wp-block-image\"><figure class=\"aligncenter is-resized\"><img loading=\"lazy\" src=\"http:\/\/therapystudio.eu\/wp-content\/uploads\/2019\/10\/teciui_schemos_iliu124944B.jpg-515x1024.jpeg\" alt=\"\" class=\"wp-image-782\" width=\"238\" height=\"475\"\/><figcaption>VMT gulto schema<\/figcaption><\/figure><\/div>\n\n\n\n<p><strong>Fiziologinis<\/strong> <strong>terapijos poveikis:<\/strong><\/p>\n\n\n\n<ul><li><strong>1. Limbin\u0117 sistema veikiama gr\u012f\u017eti \u012f rami\u0105 b\u016bsen\u0105, ir, laikui b\u0117gant, organizmas tampa geriau pasireng\u0119s savireguliacijai ir atsparesnis stresui. <\/strong><\/li><li><strong>2. Aktyvinamas atsipalaidavimo atsakas, kuris teigiamai veikia fizin\u0119 ir emocin\u0119 sveikat\u0105.<\/strong><\/li><li><strong>3. Suma\u017e\u0117ja \u0161irdies susitraukim\u0173 da\u017enis, normalizuojasi \u0161irdies ritmas, kuris yra atsparumo stresui rodiklis.<\/strong><\/li><li><strong>4. Suma\u017e\u0117ja kraujo spaudimas, suma\u017einantis insulto ir \u0161irdies priepuolio rizik\u0105.<\/strong><\/li><li><strong>5. Raumenys atsipalaiduoja, suma\u017einant \u012ftampos ir spazm\u0173 sukelt\u0105 skausm\u0105.<\/strong><\/li><li><strong>6. Skausmas suma\u017e\u0117ja d\u0117l \u201elaim\u0117s\u201c hormon\u0173 ir nat\u016brali\u0173 opiat\u0173 kiekio padid\u0117jimo.<\/strong><\/li><li><strong>7. Pager\u0117ja med\u017eiag\u0173, kurios maitina l\u0105steles ir organus, cirkuliacija.<\/strong><\/li><\/ul>\n\n\n\n<p>Sveikiems \u017emon\u0117ms rekomenduojama profilakti\u0161kai pasinaudoti VMT terapija bent kart\u0105 per m\u0117nes\u012f, o turintiems rimtesni\u0173 problem\u0173 \u2013 palankyti terapijos seansus 6 &#8211; 12 kart\u0173, kaip rekomenduoja daugelis \u0161ios terapijos praktikuotoj\u0173.<\/p>\n\n\n\n<p>Da\u017eniausiai, net ir joki\u0173 dvasini\u0173 meditacini\u0173 praktik\u0173 iki tol nepatyrusiems pacientams, VMT metu pavyksta pajausti Teta da\u017eni\u0173 meditacin\u0119 b\u016bsen\u0105. Tada \u012fvyksta galingi vidiniai poky\u010diai, kai i\u0161sprend\u017eiamos giliai pasl\u0117ptos kalt\u0117s, baim\u0117s, g\u0117dos, psichologini\u0173 traumos sukeltos problemos, \u012fveikiami giliai \u012fsi\u0161aknij\u0119 neigiam\u0173 min\u010di\u0173 ir elgesio modeliai.<\/p>\n\n\n\n<p>Pasak \u017eymaus JAV garso terapeuto ir mokytojo Jonathan Goldman <a href=\"https:\/\/www.healingsounds.com\/projecting-intention\/\"><\/a><a href=\"https:\/\/www.healingsounds.com\/projecting-intention\/\"><\/a><a href=\"https:\/\/www.healingsounds.com\/projecting-intention\/\">(<\/a><a href=\"https:\/\/www.healingsounds.com\/projecting-intention\/\"><\/a><a href=\"https:\/\/www.healingsounds.com\/projecting-intention\/\"><\/a><a href=\"https:\/\/www.healingsounds.com\/\"><\/a><a href=\"https:\/\/www.healingsounds.com\/projecting-intention\/\"><\/a><a href=\"https:\/\/www.healingsounds.com\/projecting-intention\/\">https:\/\/www.healingsounds.co<\/a>m\/), b\u016btina atsiminti, kad gydymo proceso s\u0117km\u0119 nusako \u0161i paprasta formul\u0117:<\/p>\n\n\n\n<div class=\"wp-block-image\"><figure class=\"aligncenter is-resized\"><img loading=\"lazy\" src=\"http:\/\/therapystudio.eu\/wp-content\/uploads\/2019\/10\/FIHealing-2.jpeg\" alt=\"\" class=\"wp-image-785\" width=\"413\" height=\"308\" srcset=\"http:\/\/therapystudio.eu\/wp-content\/uploads\/2019\/10\/FIHealing-2.jpeg 877w, http:\/\/therapystudio.eu\/wp-content\/uploads\/2019\/10\/FIHealing-2-300x224.jpeg 300w, http:\/\/therapystudio.eu\/wp-content\/uploads\/2019\/10\/FIHealing-2-768x574.jpeg 768w\" sizes=\"(max-width: 413px) 100vw, 413px\" \/><\/figure><\/div>\n\n\n\n<p>Tinkamas J\u016bs\u0173 nusiteikimas kartu su m\u016bs\u0173 patirtimi bei technologiniais sprendimais gali padaryti stebuklus. <\/p>\n\n\n\n<p>Net ir neturintiems joki\u0173 sveikatos problem\u0173 \u017emon\u0117ms \u0161i terapija padeda tiesiog jaustis gerai.<\/p>\n\n\n\n<p><strong>Tad, jei esate pasiruo\u0161\u0119 susigr\u0105\u017einti vidin\u0119 rimt\u012f ir harmonij\u0105, i\u0161bandykite \u0161i\u0105 nauj\u0105 terapij\u0105 \u0161iandien.<\/strong><\/p>\n","protected":false},"excerpt":{"rendered":"<p>Visa materija energeti\u0161kai vibruoja, ir \u017emogaus k\u016bnas \u2013 ne i\u0161imtis. Vibracija ir garsas mums yra labai artimi, nes pirm\u0105 kart\u0105 su jais susiduriame jau motinos \u012fs\u010diose, jausdami jos \u0161irdies plakim\u0105 ir bals\u0105. Savo da\u017enius skleid\u017eia atomai, l\u0105stel\u0117s, visa augmenija ir gyv\u016bnija, m\u016bs\u0173 \u017dem\u0117, planetos, \u017evaig\u017ed\u0117s, galaktikos. Tik labai ma\u017e\u0105 \u0161i\u0173 vibracij\u0173 dal\u012f mes girdime kaip [&hellip;]<\/p>\n","protected":false},"author":1,"featured_media":0,"parent":0,"menu_order":0,"comment_status":"closed","ping_status":"closed","template":"","meta":{"spay_email":""},"_links":{"self":[{"href":"http:\/\/therapystudio.eu\/index.php?rest_route=\/wp\/v2\/pages\/848"}],"collection":[{"href":"http:\/\/therapystudio.eu\/index.php?rest_route=\/wp\/v2\/pages"}],"about":[{"href":"http:\/\/therapystudio.eu\/index.php?rest_route=\/wp\/v2\/types\/page"}],"author":[{"embeddable":true,"href":"http:\/\/therapystudio.eu\/index.php?rest_route=\/wp\/v2\/users\/1"}],"replies":[{"embeddable":true,"href":"http:\/\/therapystudio.eu\/index.php?rest_route=%2Fwp%2Fv2%2Fcomments&post=848"}],"version-history":[{"count":20,"href":"http:\/\/therapystudio.eu\/index.php?rest_route=\/wp\/v2\/pages\/848\/revisions"}],"predecessor-version":[{"id":1308,"href":"http:\/\/therapystudio.eu\/index.php?rest_route=\/wp\/v2\/pages\/848\/revisions\/1308"}],"wp:attachment":[{"href":"http:\/\/therapystudio.eu\/index.php?rest_route=%2Fwp%2Fv2%2Fmedia&parent=848"}],"curies":[{"name":"wp","href":"https:\/\/api.w.org\/{rel}","templated":true}]}}