{"id":823,"date":"2019-11-01T16:04:05","date_gmt":"2019-11-01T18:04:05","guid":{"rendered":"http:\/\/therapystudio.eu\/?page_id=823"},"modified":"2021-05-03T13:01:27","modified_gmt":"2021-05-03T15:01:27","slug":"mes-2","status":"publish","type":"page","link":"http:\/\/therapystudio.eu\/?page_id=823","title":{"rendered":"Mes"},"content":{"rendered":"\n<div class=\"wp-block-image\"><figure class=\"aligncenter is-resized\"><img loading=\"lazy\" src=\"http:\/\/therapystudio.eu\/wp-content\/uploads\/2019\/12\/jol-rim-geriausia.jpg\" alt=\"\" class=\"wp-image-1049\" width=\"419\" height=\"369\" srcset=\"http:\/\/therapystudio.eu\/wp-content\/uploads\/2019\/12\/jol-rim-geriausia.jpg 960w, http:\/\/therapystudio.eu\/wp-content\/uploads\/2019\/12\/jol-rim-geriausia-300x265.jpg 300w, http:\/\/therapystudio.eu\/wp-content\/uploads\/2019\/12\/jol-rim-geriausia-768x678.jpg 768w\" sizes=\"(max-width: 419px) 100vw, 419px\" \/><\/figure><\/div>\n\n\n\n<p><strong>Jolanta<\/strong> \u2013 profesionali interjero ir tekstil\u0117s dizainier\u0117, didelio formato spaudos ekspert\u0117, Tre\u010diojo am\u017eiaus universiteto Dizaino fakulteto dekan\u0117 ir lektor\u0117. Domisi psichologija, Teta terapija, malda. Baigusi J.Gruod\u017eio muzikos mokyklos smuiko klas\u0119. Sertifikuota slaugos specialist\u0117.  Studijoje ji administruoja pacient\u0173 registracij\u0105 ir naujien\u0173 sklaid\u0105.<\/p>\n\n\n\n<p><strong>Rimvydas<\/strong> \u2013 garso terapeutas, elektronikos in\u017einierius, verslo administravimo magistras. Dirbo energetikos \u012fmon\u0117se energijos keitimo, ap\u0161vietimo, garso ir reklamos srityse. KTU ALUMNI KLUBO tarybos narys, Rotu\u0161\u0117s aik\u0161t\u0117s draugijos steig\u0117jas, D\u017eiud\u017etsu meistras, Himalaj\u0173 duben\u0173 praktikas, Tre\u010diojo am\u017eiaus universiteto prorektorius. Domisi apiterapija, kinologija, meditacijomis, Ryt\u0173 misticizmu, kvantine fizika. Konstruoja ir tobulina vibroakustin\u0117s muzikos terapijos \u012frang\u0105, komponuoja muzikinius terapinius k\u016brinius, praveda seansus. Yra sertifikuotas\u00a0 \u201cBio Sound Healing Therapy\u201d terapeutas, asociacij\u0173 CMA (Complementary Medical Association), Sound Healing Center, Sound Healers Association ir Sound Research Foundation (JAV) narys.<\/p>\n\n\n\n<div class=\"wp-block-jetpack-tiled-gallery aligncenter is-style-rectangular\"><div class=\"tiled-gallery__gallery\"><div class=\"tiled-gallery__row\"><div class=\"tiled-gallery__col\"><figure class=\"tiled-gallery__item\"><img srcset=\"https:\/\/i1.wp.com\/therapystudio.eu\/wp-content\/uploads\/2019\/09\/DIPLOMAINSOUNDHEAL_ING.jpg?strip=info&#038;w=600 600w,https:\/\/i1.wp.com\/therapystudio.eu\/wp-content\/uploads\/2019\/09\/DIPLOMAINSOUNDHEAL_ING.jpg?strip=info&#038;w=900 900w,https:\/\/i1.wp.com\/therapystudio.eu\/wp-content\/uploads\/2019\/09\/DIPLOMAINSOUNDHEAL_ING.jpg?strip=info&#038;w=1200 1200w,https:\/\/i1.wp.com\/therapystudio.eu\/wp-content\/uploads\/2019\/09\/DIPLOMAINSOUNDHEAL_ING.jpg?strip=info&#038;w=1500 1500w,https:\/\/i1.wp.com\/therapystudio.eu\/wp-content\/uploads\/2019\/09\/DIPLOMAINSOUNDHEAL_ING.jpg?strip=info&#038;w=1800 1800w,https:\/\/i1.wp.com\/therapystudio.eu\/wp-content\/uploads\/2019\/09\/DIPLOMAINSOUNDHEAL_ING.jpg?strip=info&#038;w=1939 1939w\" alt=\"\" data-height=\"1939\" data-id=\"110\" data-link=\"http:\/\/therapystudio.eu\/?attachment_id=110\" data-url=\"http:\/\/therapystudio.eu\/wp-content\/uploads\/2019\/09\/DIPLOMAINSOUNDHEAL_ING.jpg\" data-width=\"1500\" src=\"https:\/\/i1.wp.com\/therapystudio.eu\/wp-content\/uploads\/2019\/09\/DIPLOMAINSOUNDHEAL_ING.jpg\"\/><\/figure><\/div><div class=\"tiled-gallery__col\"><figure class=\"tiled-gallery__item\"><img srcset=\"https:\/\/i2.wp.com\/therapystudio.eu\/wp-content\/uploads\/2019\/10\/CMA-certificate-Velykis.jpg?strip=info&#038;w=600 600w,https:\/\/i2.wp.com\/therapystudio.eu\/wp-content\/uploads\/2019\/10\/CMA-certificate-Velykis.jpg?strip=info&#038;w=900 900w,https:\/\/i2.wp.com\/therapystudio.eu\/wp-content\/uploads\/2019\/10\/CMA-certificate-Velykis.jpg?strip=info&#038;w=1200 1200w,https:\/\/i2.wp.com\/therapystudio.eu\/wp-content\/uploads\/2019\/10\/CMA-certificate-Velykis.jpg?strip=info&#038;w=1419 1419w\" alt=\"\" data-height=\"1419\" data-id=\"689\" data-link=\"http:\/\/therapystudio.eu\/?attachment_id=689\" data-url=\"http:\/\/therapystudio.eu\/wp-content\/uploads\/2019\/10\/CMA-certificate-Velykis.jpg\" data-width=\"1000\" src=\"https:\/\/i2.wp.com\/therapystudio.eu\/wp-content\/uploads\/2019\/10\/CMA-certificate-Velykis.jpg\"\/><\/figure><\/div><\/div><\/div><\/div>\n\n\n\n<p>Rimvydas: \u201eNuo vaikyst\u0117s mane lyd\u0117jo muzika, muzikavimas, elektronin\u0117 k\u016bryba. Jaunyst\u0117je konstravau elektrines gitaras, garso sistemas ir efektus. Studij\u0173 laikais su d\u017eiaz-roko grupe grojome \u0161oki\u0173 vakaruose, dalyvaudavome konkursuose. Kadangi tais laikais elektroniniai instrumentai buvo sunkiai gaunami, ir tik kelios grup\u0117s Kaune tur\u0117jo padoresn\u0119 aparat\u016br\u0105, tur\u0117jai privalum\u0173, jei mok\u0117jai susikonstruoti savo garso aparat\u016br\u0105. Tam labai pad\u0117jo studijos KTU, v\u0117liau &#8211; darbas Radijo gamyklos mokslinio tyrimo institute. Man pasisek\u0117, nes, atlikus privalomas u\u017eduotis, likdavo laisvo laiko techninei k\u016brybai, kuri\u0105 skatino tuomentin\u0117 vadovyb\u0117. Man \u012f rankas pateko amerikieti\u0161kas \u017eurnalas, kuriame buvo i\u0161d\u0117styti analoginio garso sintezatoriaus principai, tod\u0117l su did\u017eiule aistra puoliau eksperimentuoti. Tais 1980-1990m ir pasaulyje tik nedaugelis avangardini\u0173 muzikant\u0173 naudojo \u0161\u012f inovatyv\u0173 ir revoliucing\u0105 \u201ekosmini\u0173\u201c gars\u0173 intrument\u0105, o Lietuvoje muzikantai apie tai gal\u0117jo tik pasvajoti. Po keli\u0173 m\u0117nesi\u0173 darbo pasigirdo pirmieji \u0161io instrumento garsai. Dar pra\u0117jo bent keleri metai, kol sukomplektavau ir suderinau vis\u0105 \u012frang\u0105, kuria buvo \u012fmanoma pagroti. Tada kilo mintis sukonstruoti kompakti\u0161kesni\u0173 aparat\u0173. Su draugo &#8211; konstruktoriaus Algimanto Jovai\u0161os pagalba gim\u0117 visa eil\u0117 komercini\u0173 garso sintez\u0117s aparat\u0173 (Rhytm Stick, mu\u0161am\u0173j\u0173, klavi\u0161ini\u0173, garso procesori\u0173), su kuriais dalyvavavome tarptautin\u0117se parodose Lietuvoje, Maskvoje, \u0160veicarijoje. Kelis aparatus \u012fkalb\u0117jo parduoti A.Puga\u010diovos vadybininkas, \u201eMa\u0161ina vremeni\u201c ir kitos tuomet\u0117s \u017evaig\u017ed\u0117s. Parod\u0173 metu pa\u017eintis su u\u017esienio firm\u0173 atstovais ir kolegomis-radijo meg\u0117jais pagimd\u0117 id\u0117j\u0105 kurti elektronini\u0173 instrument\u0173 firm\u0105. Ta\u010diau privatus verslas tais laikais buvo u\u017euomazgoje, darboviet\u0117s vadovai to nepalaik\u0117, o ir institutas, prasid\u0117jus nepriklausomybei, buvo likviduotas, tod\u0117l \u0161i id\u0117ja prig\u0119so. Laisv\u0117jant sienoms atsirasdavo vis daugiau u\u017esienini\u0173 instrument\u0173 ir net sovietini\u0173 fabrikini\u0173 aparat\u0173, su kuriais konkuruoti vienam tuo metu atrod\u0117 ne\u012fmanoma. Be to, prasid\u0117jo instrument\u0173 skaitmenizacija. Tod\u0117l analogin\u0117s garso sintez\u0117s darbus atid\u0117jau. Retkar\u010diais vis \u012fsijungdavau aparat\u016br\u0105 savo malonumui pasiilgus kosmini\u0173 gars\u0173 savo nam\u0173 laboratorijoje.<\/p>\n\n\n\n<div class=\"wp-block-image\"><figure class=\"aligncenter is-resized\"><img loading=\"lazy\" src=\"http:\/\/therapystudio.eu\/wp-content\/uploads\/2019\/09\/du-sintezai-Makvoje-1985.jpg\" alt=\"\" class=\"wp-image-88\" width=\"441\" height=\"197\" srcset=\"http:\/\/therapystudio.eu\/wp-content\/uploads\/2019\/09\/du-sintezai-Makvoje-1985.jpg 592w, http:\/\/therapystudio.eu\/wp-content\/uploads\/2019\/09\/du-sintezai-Makvoje-1985-300x134.jpg 300w\" sizes=\"(max-width: 441px) 100vw, 441px\" \/><figcaption>1985m. VL\u016aPP parodos \u201eBronzos\u201c medalis, Maskva <\/figcaption><\/figure><\/div>\n\n\n\n<p>V\u0117liau sek\u0117 karjera personalini\u0173 kompiuteri\u0173 diegimo, serviso, mokym\u0173, kompiuterin\u0117s grafikos ir pla\u010diaformat\u0117s spaudos srityje. Pastaruosius 10 met\u0173 darbavausi energijos taupymo ir gatvi\u0173 ap\u0161vietimo technologij\u0173 srityje. Tai buvo \u012fdomu, nes tai &#8211; taip pat elektromagnetin\u0117s, tik kito spektro bangos, veikian\u010dios mus ir vis\u0105 gamt\u0105. Prasid\u0117jus LED \u0161viesos \u0161altini\u0173, su kuriais jau buvau susipa\u017ein\u0119s gerokai seniau mokslinio tyrimo institute, plitimui pavyko \u012frodyti, kad miesto gatves jau galima prad\u0117ti \u0161viesti \u0161ia energeti\u0161kai efektyvia technologija. Tod\u0117l vieniems pirm\u0173j\u0173 ir bene masi\u0161kiausiai Lietuvoje pavyko prad\u0117ti didel\u012f projekt\u0105 Kaune. <\/p>\n\n\n\n<p>Apie 2015m. tvarkydamas r\u016bs\u012f, u\u017esidegiau mintimi v\u0117l pajungti savo eksperimentin\u012f instrument\u0105, nes pasaulyje netik\u0117tai kilo analogini\u0173 sintezatori\u0173 atgimimo bumas. \u0160iuo metu prakti\u0161kai visos vedan\u010dios instrument\u0173 firmos JAV. Pranc\u016bzijoje, Japonijoje, Vokietijoje gamina analoginius modulinius sintezatorius, kurie turi begales fan\u0173, juos naudoja visos garso \u012fra\u0161\u0173 ir kino studijos. Deja, mano senuko instrumento elementai oksidavosi, tod\u0117l \u012fjungus pamirks\u0117jo keli \u0161viesos diodai, bet garso nepavyko i\u0161gauti. Nenuleidau rank\u0173. Atgaminau schemas i\u0161 archyv\u0173, atsisiun\u010diau naujus elementus, sukonstravau nauj\u0173 moduli\u0173, ir sintezatorius v\u0117l u\u017egrojo. Gal kiek gaila, kad kelis de\u0161imtme\u010dius per v\u0117lai&#8230;. Matyt, reik\u0117jo subr\u0119sti svarbiems kitiems dalykams. Namuose apstu mik\u0161erini\u0173 pult\u0173, firmini\u0173 sintezatori\u0173, matavimo instrument\u0173, sukaupt\u0173 per gyvenim\u0105 ar padovanot\u0173, tod\u0117l kilo klausimas, k\u0105 naudingo galima padaryti su tuo turtu? Jau kur\u012f laik\u0105 lankydavausi Gong\u0173 maudyn\u0117se, lankiau D\u017eiu-D\u017eitsu, Karate, eksperimentavau su Cymatics fenomenu, dom\u0117jausi Ryt\u0173 filosofijomis, \u012fsitraukiau \u012f politin\u0119 ir visuomenin\u0119 veikl\u0105, bet vis ka\u017eko tr\u016bko.<\/p>\n\n\n\n<figure class=\"wp-block-gallery columns-3 is-cropped aligncenter\"><ul class=\"blocks-gallery-grid\"><li class=\"blocks-gallery-item\"><figure><img loading=\"lazy\" width=\"1024\" height=\"816\" src=\"http:\/\/therapystudio.eu\/wp-content\/uploads\/2019\/09\/IMG_3187-1024x816.jpg\" alt=\"\" data-id=\"822\" data-link=\"http:\/\/therapystudio.eu\/?attachment_id=822\" class=\"wp-image-822\" srcset=\"http:\/\/therapystudio.eu\/wp-content\/uploads\/2019\/09\/IMG_3187-1024x816.jpg 1024w, http:\/\/therapystudio.eu\/wp-content\/uploads\/2019\/09\/IMG_3187-300x239.jpg 300w, http:\/\/therapystudio.eu\/wp-content\/uploads\/2019\/09\/IMG_3187-768x612.jpg 768w, http:\/\/therapystudio.eu\/wp-content\/uploads\/2019\/09\/IMG_3187.jpg 2013w\" sizes=\"(max-width: 1024px) 100vw, 1024px\" \/><\/figure><\/li><li class=\"blocks-gallery-item\"><figure><img loading=\"lazy\" width=\"800\" height=\"531\" src=\"http:\/\/therapystudio.eu\/wp-content\/uploads\/2019\/11\/rv_15.jpg\" alt=\"\" data-id=\"887\" data-link=\"http:\/\/therapystudio.eu\/?attachment_id=887\" class=\"wp-image-887\" srcset=\"http:\/\/therapystudio.eu\/wp-content\/uploads\/2019\/11\/rv_15.jpg 800w, http:\/\/therapystudio.eu\/wp-content\/uploads\/2019\/11\/rv_15-300x199.jpg 300w, http:\/\/therapystudio.eu\/wp-content\/uploads\/2019\/11\/rv_15-768x510.jpg 768w\" sizes=\"(max-width: 800px) 100vw, 800px\" \/><\/figure><\/li><li class=\"blocks-gallery-item\"><figure><img loading=\"lazy\" width=\"1000\" height=\"750\" src=\"http:\/\/therapystudio.eu\/wp-content\/uploads\/2019\/09\/rugsejo-1-154.jpg\" alt=\"\" data-id=\"107\" data-link=\"http:\/\/therapystudio.eu\/?attachment_id=107\" class=\"wp-image-107\" srcset=\"http:\/\/therapystudio.eu\/wp-content\/uploads\/2019\/09\/rugsejo-1-154.jpg 1000w, http:\/\/therapystudio.eu\/wp-content\/uploads\/2019\/09\/rugsejo-1-154-300x225.jpg 300w, http:\/\/therapystudio.eu\/wp-content\/uploads\/2019\/09\/rugsejo-1-154-768x576.jpg 768w\" sizes=\"(max-width: 1000px) 100vw, 1000px\" \/><\/figure><\/li><\/ul><\/figure>\n\n\n\n<p>Likimas dav\u0117 post\u016bm\u012f &#8211; gavau rimt\u0105 stuburo traum\u0105, kuri\u0105 apsigydyti prireik\u0117 keleri\u0173 met\u0173, lankantis pas gydytojus, kineziterapijos specialistus. Pama\u010diau, kiek daug \u017emoni\u0173 ken\u010dia skausmus, d\u0117l to yra li\u016bdni ir nelaimingi, kiek medicina gali ir ko negali, kiek daug \u017emoni\u0173 ie\u0161ko gyvenimo prasm\u0117s, linksta \u012f misticizm\u0105, kabinasi u\u017e alternatyvi\u0173 gydymo b\u016bd\u0173, sveikatinimo metodik\u0173. Supratau, kad elektroniniai garsai tur\u0117t\u0173 pad\u0117ti \u017emon\u0117ms sveikti arba palaikyti organizmo harmonij\u0105, nes muzika &#8211; Dievo duotas stebuklas, bendrin\u0117, jaudinanti siel\u0105 kalba. U\u017etikau, kad jau bent 20 met\u0173 Norvegijoje, Suomijoje, JAV vyksta vibroakustikos tyrimai ir terapijos seansai, naudojant tiek tradicinius instrumentus, tiek modernius instrumentus su galinga garso aparat\u016bra, kuri sukelia energij\u0173 vibracijas tiesiogiai veikiant k\u016bn\u0105. Supratau, kad man tai labai artima, daug kas \u017einoma, o ir tr\u016bkstamos aparat\u016bros reikia ne tiek ir daug. Sukonstravus vibracij\u0173 stal\u0105 su sub-\u017eem\u0173 da\u017eni\u0173 garsiakalbiais prad\u0117jau eksperimentuoti su JAV specialist\u0173 \u012fra\u0161ais, prid\u0117damas savo sintezatoriaus gars\u0173, parinkdamas garso lygius, spektrus, papildydamas \u0161viesos ir grafiniais efektais. Kai mano nugaros skausmas po keli\u0173 seans\u0173 pranyko, pager\u0117jo mano sergan\u010dio augintinio &#8211; \u0161uns sveikata, pasikvie\u010diau eksperimentams giminai\u010dius ir draugus. Rezultatai nustebino ir patvirtino kit\u0173 mokslinink\u0173 ir gydymo \u012fstaig\u0173 atliktus tyrimus, tod\u0117l nusprend\u017eiau toliau gilintis \u012f \u017emoni\u0173 sveikatinmo b\u016bdus, naudojant \u0161iuolaikines technologijas, kurias geriausiai i\u0161manau. Taip gim\u0117 nam\u0173 studija, analogi\u0161ka JAV, Danijoje, Norvegijoje, Estijoje neseniai atsiradusiems vibroakustin\u0117s terapijos kabinetams. Pirmieji pacientai patvirtino \u0161ios terapijos veiksmingum\u0105: daugeliui suma\u017e\u0117jo skausmas, pavyko giliai atsipalaiduoti, suma\u017einant ilgalaikio streso poveik\u012f, kur\u012f patiriame visi, pagerinti mieg\u0105, suma\u017einti depresijos po\u017eymius, pagerinti nuotaik\u0105, momentaliai i\u0161naikinti kai kuri\u0173 negalavim\u0173 po\u017eymius. Deja, kol kas \u012f \u0161i\u0105 terapij\u0105 \u017ei\u016brima, kaip \u012f alternatyvi\u0105 medicinos krypt\u012f, nes \u201etr\u016bksta i\u0161sami\u0173 mokslini\u0173 tyrim\u0173 ir faktais pagr\u012fst\u0173 \u012frodym\u0173\u201c. Laikas parodys, koki\u0105 viet\u0105 \u0161i terapija u\u017eims ligonin\u0117se, sanatorijose, namuose, ta\u010diau jau dabar spar\u010diai daug\u0117ja \u0161ios krypties \u0161alinink\u0173, atsiranda vis nauj\u0173 technologini\u0173 sprendim\u0173 ir s\u0117kming\u0173 panaudojimo pavyzd\u017ei\u0173. <strong>Tod\u0117l kvie\u010diu inovatyvius medikus, ypa\u010d psichologus, reabilitologus, kineziterapeutus prisijungti bendram darbui ar tyrimams, o pacientus &#8211; tiesiog i\u0161bandyti \u0161i\u0105 naujien\u0105 savo geresn\u0117s sveikatos labui.\u201c<\/strong><\/p>\n","protected":false},"excerpt":{"rendered":"<p>Jolanta \u2013 profesionali interjero ir tekstil\u0117s dizainier\u0117, didelio formato spaudos ekspert\u0117, Tre\u010diojo am\u017eiaus universiteto Dizaino fakulteto dekan\u0117 ir lektor\u0117. Domisi psichologija, Teta terapija, malda. Baigusi J.Gruod\u017eio muzikos mokyklos smuiko klas\u0119. Sertifikuota slaugos specialist\u0117. Studijoje ji administruoja pacient\u0173 registracij\u0105 ir naujien\u0173 sklaid\u0105. Rimvydas \u2013 garso terapeutas, elektronikos in\u017einierius, verslo administravimo magistras. Dirbo energetikos \u012fmon\u0117se energijos keitimo, [&hellip;]<\/p>\n","protected":false},"author":1,"featured_media":0,"parent":0,"menu_order":0,"comment_status":"closed","ping_status":"closed","template":"","meta":{"spay_email":""},"_links":{"self":[{"href":"http:\/\/therapystudio.eu\/index.php?rest_route=\/wp\/v2\/pages\/823"}],"collection":[{"href":"http:\/\/therapystudio.eu\/index.php?rest_route=\/wp\/v2\/pages"}],"about":[{"href":"http:\/\/therapystudio.eu\/index.php?rest_route=\/wp\/v2\/types\/page"}],"author":[{"embeddable":true,"href":"http:\/\/therapystudio.eu\/index.php?rest_route=\/wp\/v2\/users\/1"}],"replies":[{"embeddable":true,"href":"http:\/\/therapystudio.eu\/index.php?rest_route=%2Fwp%2Fv2%2Fcomments&post=823"}],"version-history":[{"count":10,"href":"http:\/\/therapystudio.eu\/index.php?rest_route=\/wp\/v2\/pages\/823\/revisions"}],"predecessor-version":[{"id":1265,"href":"http:\/\/therapystudio.eu\/index.php?rest_route=\/wp\/v2\/pages\/823\/revisions\/1265"}],"wp:attachment":[{"href":"http:\/\/therapystudio.eu\/index.php?rest_route=%2Fwp%2Fv2%2Fmedia&parent=823"}],"curies":[{"name":"wp","href":"https:\/\/api.w.org\/{rel}","templated":true}]}}