{"id":231,"date":"2019-09-29T08:02:04","date_gmt":"2019-09-29T10:02:04","guid":{"rendered":"http:\/\/therapystudio.eu\/?page_id=231"},"modified":"2025-01-08T10:39:14","modified_gmt":"2025-01-08T12:39:14","slug":"duk","status":"publish","type":"page","link":"http:\/\/therapystudio.eu\/?page_id=231","title":{"rendered":"D.U.K."},"content":{"rendered":"\n<p><strong>Kas gali lankyti \u0161ios terapijos seansus?<\/strong><\/p>\n\n\n\n<p>Terapij\u0105 profilakti\u0161kai sveikatinimo tikslu gali lankyti visi sveiki \u017emon\u0117s, ypa\u010d &#8211; susiduriantys su stresu, taip pat &#8211; pacientai su \u012fvairiais ma\u017eesniais ar didesniais negalavimais, pasitar\u0119 su savo \u0161eimos gydytoju. Nors n\u0117ra duomen\u0173 apie terapijos keliamus pavojus, vis d\u0117l to, ji nerekomenduojama vaikams iki 12 met\u0173, n\u0117\u0161\u010diosioms ir pacientams su elektriniais implantais bei turintiems tromb\u0173 susidarymo rizik\u0105.<\/p>\n\n\n\n<p><strong>Kada geriausiai lankyti terapijos seansus?<\/strong><\/p>\n\n\n\n<p>Seansui rekomenduojama skirti bent 2-3 val. antroje dienos pus\u0117je, kai nelaukia svarb\u016bs darbai, nes terapijos metu giliai atsipalaiduojama, ir po jos dar kelias valandas jau\u010diamas lengvas apsvaigimas, nes organizme i\u0161siskyria \u201elaim\u0117s hormonai\u201c. Tod\u0117l po terapijos lukter\u0117kite bent 20min., kol gal\u0117site saugiai vairuoti.<\/p>\n\n\n\n<p><strong>Kod\u0117l \u0161ios terapijos pagrindui naudojami muzikos garsai?<\/strong><\/p>\n\n\n\n<p>Ritmas, garsai, giedojimas, malda gydymui ir kit\u0173 gyvenimi\u0161k\u0173 problem\u0173 sprendimui jau naudojami t\u016bkstan\u010dius met\u0173: Australijos aborigenai gyd\u0117 kaul\u0173 l\u016b\u017eius did\u017eeridu instrumentu prie\u0161 40 t\u016bkstan\u010dius met\u0173, Himalaj\u0173 gyventojai gyd\u0117 gongais ir dubenimis prie\u0161 5 000 met\u0173, Pitagoras analizavo styginio instrumento monochromo poveik\u012f sveikatai prie\u0161 2500 met\u0173 it t.t. Neneigiant mil\u017eini\u0161k\u0173 \u0161iuolaikin\u0117s medicinos pasiekim\u0173 diagnostikoje, chirurgijoje ir chemioterapijoje, lygiagre\u010diai vis labiau domimasi holistiniais b\u016bdais, kurie tiesiog neleist\u0173 mums susirgti, o susirgus &#8211; pakoreguoti k\u016bno ir sielos disbalans\u0105 su kuo ma\u017eesne i\u0161orine fizio-chemine intervencija. Muzikos garsai &#8211; vieni i\u0161 svarbiausi\u0173 mums duot\u0173 \u012franki\u0173. Iki \u0161iol muzika buvo laikoma daugiausia sielos \u201emaistu\u201c, ta\u010diau pastar\u0173j\u0173 met\u0173 tyrimai \u012frodo, kad garsai+mintys tobulai veikia ne tik k\u016bno fiziologinius procesus, bet misti\u0161kai \u012ftakoja subatomines strukt\u016bras. \u0160iuolaikinio mokslo technologij\u0173 pasiekimai leid\u017eia naujai ir efektyviai pritaikyti gars\u0173 terapij\u0105 \u017emogaus sveikatinimui kartu su tradicin\u0117s medicinos gydymo b\u016bdais.<\/p>\n\n\n\n<p><strong>Ar \u0161i terapija nepavojinga?<\/strong><\/p>\n\n\n\n<p>\u0160i terapija yra modernizuota relaksacin\u0117 terapija, su masa\u017euojan\u010diu vibraciniu muzikos poveikiu, stimuliuojanti vidines organizmo galias. Ji yra neinvazin\u0117, t.y. prie k\u016bno nejungiami jokie elektrodai, vibracij\u0173 lygis kontroliuojamas prietaisais, pacientas bet kada gali susilpninti ar nutraukti proced\u016br\u0105 \u0161alia jo esan\u010diu valdikliu, joje naudojami tarptautiniu m\u0105stu patikrinti \u012fra\u0161ai. \u0160ioje terapijoje naudojami virpesiai nevir\u0161ija leistin\u0173 higienos norm\u0173. Tod\u0117l, jei lankote basein\u0105, koncertus, SPA proced\u016bras, meditacijas ar \u0161iek tiek sportuojate, dr\u0105siai galite lankyti ir \u0161ios terapijos seansus be jokio pavojaus sveikatai.<\/p>\n\n\n\n<p><strong>Kiek seans\u0173 reikt\u0173 palankyti, kad pajausti terapijos naud\u0105?<\/strong><\/p>\n\n\n\n<p>Sveikam \u017emogui rekomenduojama profilakti\u0161kai palankyti seansus po 60min. bent kart\u0105 \u012f m\u0117nes\u012f. Po seanso organizmas, gav\u0119s stimul\u0105, persiformuoja ir gydosi. Ta\u010diau, geriausias efektas bus, jei kas 2-3 dienos sudalyvausite 9-12 seans\u0173 sesijoje. Po 1 m\u0117nesio pertraukos v\u0117l galima atnaujinti seansus.<\/p>\n\n\n\n<p><strong>Kaip pasiruo\u0161ti terapijos seansui?<\/strong><\/p>\n\n\n\n<p>Atvykite gerai nusiteik\u0119. Geriau jausit\u0117s su laisvais drabu\u017eiais, taip kaip \u012f jogos ar sporto u\u017esi\u0117mimus. Prie\u0161 seans\u0105 b\u016btina atsigerti skys\u010di\u0173, geriausiai &#8211; vandens. Pra\u0161ysime nusiauti ir atsigulti ant terapinio gulto. Pirm\u0105 kart\u0105 atvykusieji supa\u017eindinami su proced\u016bra, u\u017epildoma anketa, kuri t\u0119siama po kiekvieno seanso. J\u016bs\u0173 paslaugoms bus paruo\u0161ta arbata, vanduo, medus. Apklotai J\u016bs\u0173 lauks vietoje, bet galite atsine\u0161ti ir savo. Skirkite bent 2-3 valandas neskubiam pokalbiui, seansui, poilsiui po seanso, geriausia &#8211; po dienos darb\u0173. Skirkite laiko sau!<\/p>\n\n\n\n<p><strong>K\u0105 jausiu proced\u016bros metu?<\/strong><\/p>\n\n\n\n<p>Prie\u0161 proced\u016br\u0105 trumpai pasikalb\u0117sime apie pra\u0117jus\u012f seans\u0105, jei toks vyko. Nuo to priklauso, ar reikia koreguoti program\u0105 &#8211; papildyti konkretiems negalavimams skirtais \u012fra\u0161ais. Pirm\u0105 kart\u0105 atvykusiems taikoma universali \u201eGyvenimo d\u017eiaugsmo\u201c programa. Proced\u016bros metu patogiai \u012fsitaisoma nugara ant \u0161ildomo gulto pavir\u010diaus, lengvai apsiklojama,  kuo giliau atsipalaiduojama, nuraminamas protas, vizualizuojamos teigiamos mintys. K\u016bnu jausite malonias garso vibracijas. Intensyvum\u0105 jums nustatys terapeutas, ta\u010diau pasikoreguoti gal\u0117site ir patys \u0161alia esan\u010diu valdikliu. Visa proced\u016bra truks ma\u017edaug 2 val. Pageidaujantiems jos metu papildomai atliksime biolauko harmonizavimo proced\u016br\u0105, naudojant Himalaj\u0173 dubenis. Proced\u016bros metu lieskite \u012f\u017eeminimo rankenas &#8211; tai nuims per dien\u0105 susikaupus\u012f statin\u012f ir suma\u017eins parazitinio elektromagnetinio lauko poveik\u012f. Sekantiems seansams muzikiniai fragmentai bus parenkami pagal J\u016bs\u0173 nusiskundim\u0173 pob\u016bd\u012f.<\/p>\n\n\n\n<p><strong>Ar gali \u0161ia terapija pasinaudoti \u012fmoni\u0173 darbuotojai?<\/strong><\/p>\n\n\n\n<p>Su \u012fmoni\u0173 vadovu, norin\u010diu suteikti savo darbuotojams toki\u0105 galimyb\u0119, sudarysime ilgalaik\u0119 paslaugos tiekimo sutart\u012f, rezervuosime sutart\u0105 laik\u0105, i\u0161ra\u0161ysime s\u0105skaitas-fakt\u016bras.<\/p>\n\n\n\n<p><strong>Kur dar Lietuvoje galime pasinaudoti analogi\u0161ka paslauga?<\/strong><\/p>\n\n\n\n<p>D\u017eiaugiam\u0117s, gal\u0117dami Jums pirmiesiems pasi\u016blyti toki\u0105 unikali\u0105 ir kompleksin\u0119 InovaVMT paslaug\u0105. Ar teikiama analogi\u0161ka paslauga Lietuvoje, mums ne\u017einoma. SPA ir priva\u010diose klinikose taikomi tik atskiri jos elementai: vibro-, muzikos, aroma-, binauralin\u0117, chroma- ir pan. terapijos naudojant paprastesnius lokalaus veikimo prietaisus. Artimiausia \u0161alis, kur tik \u0161iemet prad\u0117ta taikyti pana\u0161i \u201eHealBed\u201c terapija &#8211; Estija. JAV, Kanadoje, \u0160veicarijoje, Skandinavijos \u0161alyse ji jau eil\u0119 met\u0173 s\u0117kmingai naudojama sveikatinimui ir gydymui.<\/p>\n\n\n\n<p><strong>Ar gal\u0117siu gauti siuntim\u0105 \u0161iai terapijai pas \u0161eimos gydytoj\u0105?<\/strong><\/p>\n\n\n\n<p>Deja, kol kas \u0161i terapija n\u0117ra pripa\u017einta oficiali\u0173 Lietuvos institucij\u0173. Ji priskirtina alternatyviai arba papildomai medicinos kryp\u010diai, tod\u0117l gydymo \u012fstaigos tokio siuntimo nei\u0161duos. Vis\u0105 atsakomyb\u0119 ir rizik\u0105 prisiima klientas. Mes tik galime patikinti, kad \u0161i terapija teigiamai veikia, remiantis pasaulio praktika, konferencij\u0173, kurs\u0173, kit\u0173 terapijos studij\u0173 \u012fra\u0161ais ir kita prieinama med\u017eiaga, kuria mielai pasidalinsime.<\/p>\n\n\n\n<p><strong>Ar galima \u0161ia terapija pasinaudoti visoje Lietuvoje?<\/strong><\/p>\n\n\n\n<p>Kol kas \u0161i terapija atliekama tik Kaune, stacionarioje studijoje. Ateityje planuojame sukurti mobil\u0173 terapinio gulto variant\u0105, jei atsiras susidom\u0117jusi\u0173 partneri\u0173.<\/p>\n\n\n\n<p><strong>Kiek tai kainuoja?<\/strong><\/p>\n\n\n\n<p>Pirminis pa\u017eintinis 15min seansas su teorine paskaita 2-6 asmen\u0173 grupei &#8211; nemokamas. Jei patiks, vienkartinis 2 valand\u0173 (60min. anketavimas, kraujosp\u016bd\u017eio bei O2 matavimas ir 60 min. terapijos seansas, kur\u012f u\u017esisakysite suderintu laiku kainuos 150EUR (senjorams 75EUR). \u012esigijus 600EUR vert\u0117s abonement\u0105 6 seansams vienas seansas kainuos 100EUR (senjorams 50EUR), o, \u012fsigijus 900EUR vert\u0117s abonement\u0105 12-kai seans\u0173, kai sudaromas seans\u0173 dat\u0173 ir laiko grafikas, asmenin\u0117, pritaikyta tik Jums programa, vienas seansas kainuos tik 75EUR (senjorams 45EUR). Atskirais atvejais terapij\u0105 atliksime nemokamai. \u012ekainiai orientaciniai, gali keistis, priklausomai nuo ekonomin\u0117s situacijos.<\/p>\n\n\n\n<p><\/p>\n","protected":false},"excerpt":{"rendered":"<p>Kas gali lankyti \u0161ios terapijos seansus? Terapij\u0105 profilakti\u0161kai sveikatinimo tikslu gali lankyti visi sveiki \u017emon\u0117s, ypa\u010d &#8211; susiduriantys su stresu, taip pat &#8211; pacientai su \u012fvairiais ma\u017eesniais ar didesniais negalavimais, pasitar\u0119 su savo \u0161eimos gydytoju. Nors n\u0117ra duomen\u0173 apie terapijos keliamus pavojus, vis d\u0117l to, ji nerekomenduojama vaikams iki 12 met\u0173, n\u0117\u0161\u010diosioms ir pacientams su [&hellip;]<\/p>\n","protected":false},"author":1,"featured_media":0,"parent":0,"menu_order":0,"comment_status":"closed","ping_status":"closed","template":"page-grid.php","meta":{"spay_email":""},"_links":{"self":[{"href":"http:\/\/therapystudio.eu\/index.php?rest_route=\/wp\/v2\/pages\/231"}],"collection":[{"href":"http:\/\/therapystudio.eu\/index.php?rest_route=\/wp\/v2\/pages"}],"about":[{"href":"http:\/\/therapystudio.eu\/index.php?rest_route=\/wp\/v2\/types\/page"}],"author":[{"embeddable":true,"href":"http:\/\/therapystudio.eu\/index.php?rest_route=\/wp\/v2\/users\/1"}],"replies":[{"embeddable":true,"href":"http:\/\/therapystudio.eu\/index.php?rest_route=%2Fwp%2Fv2%2Fcomments&post=231"}],"version-history":[{"count":28,"href":"http:\/\/therapystudio.eu\/index.php?rest_route=\/wp\/v2\/pages\/231\/revisions"}],"predecessor-version":[{"id":1365,"href":"http:\/\/therapystudio.eu\/index.php?rest_route=\/wp\/v2\/pages\/231\/revisions\/1365"}],"wp:attachment":[{"href":"http:\/\/therapystudio.eu\/index.php?rest_route=%2Fwp%2Fv2%2Fmedia&parent=231"}],"curies":[{"name":"wp","href":"https:\/\/api.w.org\/{rel}","templated":true}]}}