{"id":212,"date":"2019-09-29T06:48:47","date_gmt":"2019-09-29T08:48:47","guid":{"rendered":"http:\/\/therapystudio.eu\/?page_id=212"},"modified":"2019-11-27T20:11:49","modified_gmt":"2019-11-27T22:11:49","slug":"chromaterapija","status":"publish","type":"page","link":"http:\/\/therapystudio.eu\/?page_id=212","title":{"rendered":"Chromaterapija"},"content":{"rendered":"\n<figure class=\"wp-block-image\"><img loading=\"lazy\" width=\"855\" height=\"634\" src=\"http:\/\/therapystudio.eu\/wp-content\/uploads\/2019\/11\/cakros-ir-dazniai.jpeg\" alt=\"\" class=\"wp-image-1011\" srcset=\"http:\/\/therapystudio.eu\/wp-content\/uploads\/2019\/11\/cakros-ir-dazniai.jpeg 855w, http:\/\/therapystudio.eu\/wp-content\/uploads\/2019\/11\/cakros-ir-dazniai-300x222.jpeg 300w, http:\/\/therapystudio.eu\/wp-content\/uploads\/2019\/11\/cakros-ir-dazniai-768x569.jpeg 768w, http:\/\/therapystudio.eu\/wp-content\/uploads\/2019\/11\/cakros-ir-dazniai-500x370.jpeg 500w\" sizes=\"(max-width: 855px) 100vw, 855px\" \/><\/figure>\n\n\n\n<p><strong><em>Chromaterapija<\/em><\/strong><em> &#8211; tai gydymo metodas, kuriame lig\u0173 gydymui naudojamas matomas elektromagnetin\u0117s spinduliuot\u0117s spektras &#8211; spalvos. Tai \u0161imtme\u010di\u0173 senumo koncepcija, s\u0117kmingai naudota \u012fvairioms ligoms gydyti. Apie \u0161i\u0105 tem\u0105 galima rasti pakankamai publikuotos med\u017eiagos, kuri suteikia i\u0161sami\u0105 informacij\u0105 apie sistem\u0105, orientuot\u0105 \u012f gydymo spalvomis metodikas. Daug tyrim\u0173 \u012frodo ry\u0161\u012f tarp \u017emogaus k\u016bno ir spalv\u0173<\/em>.<\/p>\n\n\n\n<p><em>\u017dmogaus akis jautriai reaguoja \u012f elektromagnetin\u0119 spinduliuot\u0119 tik ma\u017edaug nuo 380 iki 780 nm bangos ilgio. \u0160is ma\u017eas segmentas vadinamas matomu spektru arba matoma \u0161viesa. Matom\u0105 \u0161vies\u0105 galima suskirstyti \u012f daugel\u012f elektromagnetini\u0173 da\u017eni\u0173, o da\u017enis priklauso nuo vaivoryk\u0161t\u0117s spalvos: raudonos, oran\u017ein\u0117s, geltonos, \u017ealios, m\u0117lynos, indigo, violetin\u0117s ir visos jos variacijos.<\/em><\/p>\n\n\n\n<p><em>Senov\u0117s Ajurvedos gydytojas <strong>\u010caraka<\/strong> (Charaka), gyven\u0119s \u0161e\u0161tame am\u017eiuje prie\u0161 Krist\u0173, rekomendavo saul\u0117s \u0161vies\u0105 \u012fvairioms ligoms gydyti<\/em>. <\/p>\n\n\n\n<p><em><strong>Avicena<\/strong> (Avicenna, 980m.e.m) gerokai pa\u017eeng\u0117 gydymo spalvomis srityje. Jis ai\u0161kiai pabr\u0117\u017e\u0117 spalvos svarb\u0105, diagnozuojant ir gydant. Avicenos teigimu, \u201eSpalva yra pastebimas ligos po\u017eymis\u201c. Jis suk\u016br\u0117 grafik\u0105, kuris sieja spalv\u0105 su k\u016bno temperat\u016bra ir fizine b\u016bsena. Jis naudojo spalv\u0173 apdorojim\u0105, laikydamasis nuomon\u0117s, kad raudona spalva perne\u0161a krauj\u0105, m\u0117lyna ar balta \u2013 au\u0161ina, o geltona suma\u017eina raumen\u0173 skausm\u0105 ir u\u017edegim\u0105. Avicenos darbas neabejotinai i\u0161populiarino chromoterapijos naudojim\u0105 tais laikais. Jis aptar\u0117 gydymo spalvomis savybes ir buvo pirmasis, kuris nustat\u0117, kad netinkama terapijai panaudota spalva neabejotinai sukels konkre\u010dias ligas. Pavyzd\u017eiui, jis pasteb\u0117jo, kad \u017emogus, ken\u010diantis nuo kraujavimo i\u0161 nosies, netur\u0117t\u0173 \u017evelgti \u012f ry\u0161kios raudonos spalvos dalykus ir netur\u0117t\u0173 b\u016bti veikiamas raudonos \u0161viesos, nes tai paskatint\u0173 kraujotek\u012f, o m\u0117lyna j\u012f nuramint\u0173, ir suma\u017eint\u0173 kraujo tek\u0117jim\u0105. Tai \u2013 labai prakti\u0161kas t\u0173 laik\u0173 pasteb\u0117jimas, deja, ma\u017eai informacijos apie kit\u0173 spalv\u0173 poveikius kitiems negalavimams.<\/em><\/p>\n\n\n\n<p><em>19-ojo am\u017eiaus praktikas <strong>Pleasanton<\/strong> (1876 m.) naudojo tik m\u0117lyn\u0105 spalv\u0105 ir teig\u0117, kad m\u0117lyna spalva buvo pirmoji priemon\u0117, taikoma esant su\u017ealojimams, nudegimams ar skausmams<\/em>.<\/p>\n\n\n\n<p><em><strong>Edwin Babbitt<\/strong> pristat\u0117 i\u0161sami\u0105 gydymo spalva teorij\u0105. Jis nustat\u0117, kad raudona spalva veikia kaip stimuliatorius, ypa\u010d veikia krauj\u0105 ir ma\u017eesniu m\u0105stu &#8211; nervus; geltona ir oran\u017ein\u0117 spalvos veikia kaip nerv\u0173 stimuliatoriai; m\u0117lyna ir violetin\u0117 veikia raminan\u010diai visas sistemas ir turi prie\u0161u\u017edegimini\u0173 savybi\u0173. Atitinkamai, Babbittas priskyr\u0117 raudon\u0105 spalv\u0105 paraly\u017eiaus, fizinio i\u0161sekimo ir l\u0117tinio reumatizmo gydymui; gelton\u0105 spalv\u0105- kaip viduri\u0173 ir bronch\u0173 negalavim\u0173 gydymui; m\u0117lyn\u0105 &#8211; u\u017edegimin\u0117ms ligoms, i\u0161algijai, meningitui, nerv\u0173 nestabilumui, galvos skausmui, dirglumui ir saul\u0117s sm\u016bgio gydymui. <\/em><\/p>\n\n\n\n<figure class=\"wp-block-image\"><img loading=\"lazy\" width=\"1024\" height=\"760\" src=\"http:\/\/therapystudio.eu\/wp-content\/uploads\/2019\/09\/spalvos-skaidre-1024x760.jpeg\" alt=\"\" class=\"wp-image-214\" srcset=\"http:\/\/therapystudio.eu\/wp-content\/uploads\/2019\/09\/spalvos-skaidre-1024x760.jpeg 1024w, http:\/\/therapystudio.eu\/wp-content\/uploads\/2019\/09\/spalvos-skaidre-300x223.jpeg 300w, http:\/\/therapystudio.eu\/wp-content\/uploads\/2019\/09\/spalvos-skaidre-768x570.jpeg 768w, http:\/\/therapystudio.eu\/wp-content\/uploads\/2019\/09\/spalvos-skaidre-500x370.jpeg 500w, http:\/\/therapystudio.eu\/wp-content\/uploads\/2019\/09\/spalvos-skaidre.jpeg 1097w\" sizes=\"(max-width: 1024px) 100vw, 1024px\" \/><\/figure>\n\n\n\n<p><em>20-ojo am\u017eiaus mokslininkas \u00a0<strong>Ghadiali<\/strong> (1927) atrado mokslinius principus, paai\u0161kinan\u010dius, kod\u0117l ir kaip skirting\u0173 spalv\u0173 spinduliai turi skirting\u0105 terapin\u012f poveik\u012f organizmui. Jo \u201eSpectro-Chrome\u201c yra pirmoji paskelbta knyga, skirta paai\u0161kinti vis\u0105 chromaterapijos doktrin\u0105<\/em>. <em>Ghadiali nustat\u0117, kad tam tikros k\u016bno sritys reaguoja \u012f tam tikras spalvas; \u0161ios sritys yra pana\u0161ios \u012f senov\u0117s vadinamas \u201e\u010dakras\u201c. Pasak kito mokslininko <strong>Klotsche<\/strong>, \u201e\u010dakros yra labai koncentruotos energijos sritys, kurios yra susietos su \u012fvairiomis vietomis, daugiausia palei stuburo smegenis. \u0160ie energijos laukai yra susij\u0119 su pagrindiniais organizmo organais\u201c. \u010cakr\u0173 s\u0105voka i\u0161 esm\u0117s yra Ryt\u0173 Indijos koncepcija, kuri\u0105 Ghadiali pristat\u0117 kaip energijos \u0161altin\u012f.<\/em><\/p>\n\n\n\n<p>Daugiau:<\/p>\n\n\n\n<p><a href=\"http:\/\/www.manosveikata.lt\/lt\/aktualijos\/naujienos\/spalvu-terapija-ndash-pagalba-kunui-ir-sielai\">http:\/\/www.manosveikata.lt\/lt\/aktualijos\/naujienos\/spalvu-terapija-ndash-pagalba-kunui-ir-sielai<\/a><\/p>\n\n\n\n<p><a href=\"https:\/\/www.alfa.lt\/straipsnis\/15061312\/spalvu-terapija-budas-pataisyti-nuotaika\">https:\/\/www.alfa.lt\/straipsnis\/15061312\/spalvu-terapija-budas-pataisyti-nuotaika<\/a><\/p>\n","protected":false},"excerpt":{"rendered":"<p>Chromaterapija &#8211; tai gydymo metodas, kuriame lig\u0173 gydymui naudojamas matomas elektromagnetin\u0117s spinduliuot\u0117s spektras &#8211; spalvos. Tai \u0161imtme\u010di\u0173 senumo koncepcija, s\u0117kmingai naudota \u012fvairioms ligoms gydyti. Apie \u0161i\u0105 tem\u0105 galima rasti pakankamai publikuotos med\u017eiagos, kuri suteikia i\u0161sami\u0105 informacij\u0105 apie sistem\u0105, orientuot\u0105 \u012f gydymo spalvomis metodikas. Daug tyrim\u0173 \u012frodo ry\u0161\u012f tarp \u017emogaus k\u016bno ir spalv\u0173. \u017dmogaus akis jautriai [&hellip;]<\/p>\n","protected":false},"author":1,"featured_media":0,"parent":14,"menu_order":0,"comment_status":"closed","ping_status":"closed","template":"","meta":{"spay_email":""},"_links":{"self":[{"href":"http:\/\/therapystudio.eu\/index.php?rest_route=\/wp\/v2\/pages\/212"}],"collection":[{"href":"http:\/\/therapystudio.eu\/index.php?rest_route=\/wp\/v2\/pages"}],"about":[{"href":"http:\/\/therapystudio.eu\/index.php?rest_route=\/wp\/v2\/types\/page"}],"author":[{"embeddable":true,"href":"http:\/\/therapystudio.eu\/index.php?rest_route=\/wp\/v2\/users\/1"}],"replies":[{"embeddable":true,"href":"http:\/\/therapystudio.eu\/index.php?rest_route=%2Fwp%2Fv2%2Fcomments&post=212"}],"version-history":[{"count":6,"href":"http:\/\/therapystudio.eu\/index.php?rest_route=\/wp\/v2\/pages\/212\/revisions"}],"predecessor-version":[{"id":1013,"href":"http:\/\/therapystudio.eu\/index.php?rest_route=\/wp\/v2\/pages\/212\/revisions\/1013"}],"up":[{"embeddable":true,"href":"http:\/\/therapystudio.eu\/index.php?rest_route=\/wp\/v2\/pages\/14"}],"wp:attachment":[{"href":"http:\/\/therapystudio.eu\/index.php?rest_route=%2Fwp%2Fv2%2Fmedia&parent=212"}],"curies":[{"name":"wp","href":"https:\/\/api.w.org\/{rel}","templated":true}]}}