{"id":187,"date":"2019-09-28T14:25:23","date_gmt":"2019-09-28T16:25:23","guid":{"rendered":"http:\/\/therapystudio.eu\/?page_id=187"},"modified":"2019-12-29T13:31:35","modified_gmt":"2019-12-29T15:31:35","slug":"cymatics-fenomenas","status":"publish","type":"page","link":"http:\/\/therapystudio.eu\/?page_id=187","title":{"rendered":"\u201eCymatics\u201c fenomenas"},"content":{"rendered":"\n<figure class=\"wp-block-image size-large\"><img loading=\"lazy\" width=\"878\" height=\"649\" src=\"http:\/\/therapystudio.eu\/wp-content\/uploads\/2019\/12\/cymatics-reid-skaidre.jpeg\" alt=\"\" class=\"wp-image-1085\" srcset=\"http:\/\/therapystudio.eu\/wp-content\/uploads\/2019\/12\/cymatics-reid-skaidre.jpeg 878w, http:\/\/therapystudio.eu\/wp-content\/uploads\/2019\/12\/cymatics-reid-skaidre-300x222.jpeg 300w, http:\/\/therapystudio.eu\/wp-content\/uploads\/2019\/12\/cymatics-reid-skaidre-768x568.jpeg 768w, http:\/\/therapystudio.eu\/wp-content\/uploads\/2019\/12\/cymatics-reid-skaidre-500x370.jpeg 500w\" sizes=\"(max-width: 878px) 100vw, 878px\" \/><\/figure>\n\n\n\n<div class=\"wp-block-image\"><figure class=\"aligncenter is-resized\"><img loading=\"lazy\" src=\"http:\/\/therapystudio.eu\/wp-content\/uploads\/2019\/09\/cymatics-Egipto-piramideje.jpg\" alt=\"\" class=\"wp-image-246\" width=\"334\" height=\"334\" srcset=\"http:\/\/therapystudio.eu\/wp-content\/uploads\/2019\/09\/cymatics-Egipto-piramideje.jpg 900w, http:\/\/therapystudio.eu\/wp-content\/uploads\/2019\/09\/cymatics-Egipto-piramideje-150x150.jpg 150w, http:\/\/therapystudio.eu\/wp-content\/uploads\/2019\/09\/cymatics-Egipto-piramideje-300x300.jpg 300w, http:\/\/therapystudio.eu\/wp-content\/uploads\/2019\/09\/cymatics-Egipto-piramideje-768x768.jpg 768w, http:\/\/therapystudio.eu\/wp-content\/uploads\/2019\/09\/cymatics-Egipto-piramideje-96x96.jpg 96w\" sizes=\"(max-width: 334px) 100vw, 334px\" \/><figcaption>J.S.Reid garso fotografija Egipto piramid\u0117je<\/figcaption><\/figure><\/div>\n\n\n\n<p>Studijoje pamatysite vizualizacijas, kaip terapijos metu garso vibracijos veikia vandens pavir\u0161i\u0173, taigi, &#8211; ir m\u016bs\u0173 organizmo l\u0105steles, nes m\u016bs\u0173 k\u016bnus sudaro elektrolit\u0173 tirpalai vandens pagrindu: apie 50% (moter\u0173), 60% (vyr\u0173), 70% (vaik\u0173), smegenyse yra daugiau, kaip 80% skys\u010dio. Vertikalios mechanin\u0117s ar garsin\u0117s vibracin\u0117s platformos poveikyje (Whole body vibration therapy) pasteb\u0117ta, kad padid\u0117ja l\u0105steli\u0173 gyvybingumas, elektrinis potencialas, med\u017eiag\u0173 apykaita, tik\u0117tina, kad dar geriau ir \u012fvairiau veikia harmoning\u0173 muzikos vibracij\u0173 terapija. Daugiau apie CYMATICS rei\u0161kin\u012f:<\/p>\n\n\n\n<figure class=\"wp-block-embed-youtube wp-block-embed is-type-video is-provider-youtube wp-embed-aspect-16-9 wp-has-aspect-ratio\"><div class=\"wp-block-embed__wrapper\">\n<iframe title=\"CYMATICS: Science Vs. Music - Nigel Stanford\" width=\"640\" height=\"360\" src=\"https:\/\/www.youtube.com\/embed\/Q3oItpVa9fs?feature=oembed\" frameborder=\"0\" allow=\"accelerometer; autoplay; encrypted-media; gyroscope; picture-in-picture\" allowfullscreen><\/iframe>\n<\/div><\/figure>\n\n\n\n<p><\/p>\n\n\n\n<figure class=\"wp-block-embed-youtube wp-block-embed is-type-video is-provider-youtube wp-embed-aspect-16-9 wp-has-aspect-ratio\"><div class=\"wp-block-embed__wrapper\">\n<iframe title=\"CymaScope video projected in Trinity Episcopal Cathedral\" width=\"640\" height=\"360\" src=\"https:\/\/www.youtube.com\/embed\/n_e-vhGbqFQ?feature=oembed\" frameborder=\"0\" allow=\"accelerometer; autoplay; encrypted-media; gyroscope; picture-in-picture\" allowfullscreen><\/iframe>\n<\/div><\/figure>\n\n\n\n<p><a href=\"https:\/\/en.wikipedia.org\/wiki\/Cymatics\">https:\/\/en.wikipedia.org\/wiki\/Cymatics<\/a><\/p>\n\n\n\n<p><a href=\"https:\/\/www.cymascope.com\">https:\/\/www.cymascope.com<\/a><\/p>\n\n\n\n<p><a href=\"https:\/\/monoskop.org\/images\/7\/78\/Jenny_Hans_Cymatics_A_Study_of_Wave_Phenomena_and_Vibration.pdf\">https:\/\/monoskop.org\/images\/7\/78\/Jenny_Hans_Cymatics_A_Study_of_Wave_Phenomena_and_Vibration.pdf<\/a><\/p>\n\n\n\n<p><a href=\"https:\/\/roelhollander.eu\/en\/tuning-frequency\/cymatics\/\">https:\/\/roelhollander.eu\/en\/tuning-frequency\/cymatics\/<\/a><\/p>\n","protected":false},"excerpt":{"rendered":"<p>Studijoje pamatysite vizualizacijas, kaip terapijos metu garso vibracijos veikia vandens pavir\u0161i\u0173, taigi, &#8211; ir m\u016bs\u0173 organizmo l\u0105steles, nes m\u016bs\u0173 k\u016bnus sudaro elektrolit\u0173 tirpalai vandens pagrindu: apie 50% (moter\u0173), 60% (vyr\u0173), 70% (vaik\u0173), smegenyse yra daugiau, kaip 80% skys\u010dio. Vertikalios mechanin\u0117s ar garsin\u0117s vibracin\u0117s platformos poveikyje (Whole body vibration therapy) pasteb\u0117ta, kad padid\u0117ja l\u0105steli\u0173 gyvybingumas, elektrinis [&hellip;]<\/p>\n","protected":false},"author":1,"featured_media":0,"parent":14,"menu_order":0,"comment_status":"closed","ping_status":"closed","template":"","meta":{"spay_email":""},"_links":{"self":[{"href":"http:\/\/therapystudio.eu\/index.php?rest_route=\/wp\/v2\/pages\/187"}],"collection":[{"href":"http:\/\/therapystudio.eu\/index.php?rest_route=\/wp\/v2\/pages"}],"about":[{"href":"http:\/\/therapystudio.eu\/index.php?rest_route=\/wp\/v2\/types\/page"}],"author":[{"embeddable":true,"href":"http:\/\/therapystudio.eu\/index.php?rest_route=\/wp\/v2\/users\/1"}],"replies":[{"embeddable":true,"href":"http:\/\/therapystudio.eu\/index.php?rest_route=%2Fwp%2Fv2%2Fcomments&post=187"}],"version-history":[{"count":10,"href":"http:\/\/therapystudio.eu\/index.php?rest_route=\/wp\/v2\/pages\/187\/revisions"}],"predecessor-version":[{"id":1106,"href":"http:\/\/therapystudio.eu\/index.php?rest_route=\/wp\/v2\/pages\/187\/revisions\/1106"}],"up":[{"embeddable":true,"href":"http:\/\/therapystudio.eu\/index.php?rest_route=\/wp\/v2\/pages\/14"}],"wp:attachment":[{"href":"http:\/\/therapystudio.eu\/index.php?rest_route=%2Fwp%2Fv2%2Fmedia&parent=187"}],"curies":[{"name":"wp","href":"https:\/\/api.w.org\/{rel}","templated":true}]}}