{"id":183,"date":"2019-09-28T14:21:55","date_gmt":"2019-09-28T16:21:55","guid":{"rendered":"http:\/\/therapystudio.eu\/?page_id=183"},"modified":"2019-11-20T17:31:43","modified_gmt":"2019-11-20T19:31:43","slug":"izeminimas","status":"publish","type":"page","link":"http:\/\/therapystudio.eu\/?page_id=183","title":{"rendered":"\u012e\u017eeminimas"},"content":{"rendered":"\n<figure class=\"wp-block-image\"><img loading=\"lazy\" width=\"854\" height=\"588\" src=\"http:\/\/therapystudio.eu\/wp-content\/uploads\/2019\/09\/izeminimo-skaidre.jpeg\" alt=\"\" class=\"wp-image-184\" srcset=\"http:\/\/therapystudio.eu\/wp-content\/uploads\/2019\/09\/izeminimo-skaidre.jpeg 854w, http:\/\/therapystudio.eu\/wp-content\/uploads\/2019\/09\/izeminimo-skaidre-300x207.jpeg 300w, http:\/\/therapystudio.eu\/wp-content\/uploads\/2019\/09\/izeminimo-skaidre-768x529.jpeg 768w\" sizes=\"(max-width: 854px) 100vw, 854px\" \/><\/figure>\n\n\n\n<p>Nat\u016braliai \u012fsi\u017eeminame vaik\u0161\u010diodami basomis, maudydamiesi, gul\u0117dami ant \u017eem\u0117s, prisiglausdami prie med\u017eio. Miestie\u010diams \u012fsi\u017eeminimas b\u016btinas, norint:<\/p>\n\n\n\n<ul><li>panaikinti statin\u012f sintetini\u0173 med\u017eiag\u0173 poveikio elektros kr\u016bv\u012f,<\/li><li>apsisaugoti nuo kintamo elektromagnetinio triuk\u0161mo,<\/li><li>gauti neigiam\u0105 \u017dem\u0117s kr\u016bv\u012f, t.y. elektronus, neutralizuojan\u010dius k\u016bno laisvuosius radikalus, kurie sukelia u\u017edegimus ir ligas<\/li><\/ul>\n\n\n\n<figure class=\"wp-block-embed-youtube wp-block-embed is-type-video is-provider-youtube wp-embed-aspect-4-3 wp-has-aspect-ratio\"><div class=\"wp-block-embed__wrapper\">\n<iframe title=\"&quot;Grounding&quot; \/ &quot;Earthing&quot;\" width=\"640\" height=\"480\" src=\"https:\/\/www.youtube.com\/embed\/XumPQLTzPWI?feature=oembed\" frameborder=\"0\" allow=\"accelerometer; autoplay; encrypted-media; gyroscope; picture-in-picture\" allowfullscreen><\/iframe>\n<\/div><figcaption>Stephen T. Sinatra apie \u012f\u017eeminim\u0105<\/figcaption><\/figure>\n\n\n\n<div class=\"wp-block-image\"><figure class=\"aligncenter is-resized\"><img loading=\"lazy\" src=\"http:\/\/therapystudio.eu\/wp-content\/uploads\/2019\/11\/isizeminimas-knyga.jpeg\" alt=\"\" class=\"wp-image-932\" width=\"213\" height=\"300\" srcset=\"http:\/\/therapystudio.eu\/wp-content\/uploads\/2019\/11\/isizeminimas-knyga.jpeg 302w, http:\/\/therapystudio.eu\/wp-content\/uploads\/2019\/11\/isizeminimas-knyga-213x300.jpeg 213w\" sizes=\"(max-width: 213px) 100vw, 213px\" \/><figcaption>C. Ober \u201e\u012esi\u017eeminimas\u201c<\/figcaption><\/figure><\/div>\n\n\n\n<p><a href=\"https:\/\/www.vaistai.lt\/Puiki-sveikata-be-dideliu-islaidu-4435.html\">https:\/\/www.vaistai.lt\/Puiki-sveikata-be-dideliu-islaidu-4435.html<\/a><\/p>\n\n\n\n<p><a href=\"http:\/\/lsveikata.lt\/is-gyvenimo\/apie-rysi-su-zeme-pertekline-elektros-energija-ir-izeminima-7101\">http:\/\/lsveikata.lt\/is-gyvenimo\/apie-rysi-su-zeme-pertekline-elektros-energija-ir-izeminima-7101<\/a><\/p>\n","protected":false},"excerpt":{"rendered":"<p>Nat\u016braliai \u012fsi\u017eeminame vaik\u0161\u010diodami basomis, maudydamiesi, gul\u0117dami ant \u017eem\u0117s, prisiglausdami prie med\u017eio. Miestie\u010diams \u012fsi\u017eeminimas b\u016btinas, norint: panaikinti statin\u012f sintetini\u0173 med\u017eiag\u0173 poveikio elektros kr\u016bv\u012f, apsisaugoti nuo kintamo elektromagnetinio triuk\u0161mo, gauti neigiam\u0105 \u017dem\u0117s kr\u016bv\u012f, t.y. elektronus, neutralizuojan\u010dius k\u016bno laisvuosius radikalus, kurie sukelia u\u017edegimus ir ligas https:\/\/www.vaistai.lt\/Puiki-sveikata-be-dideliu-islaidu-4435.html http:\/\/lsveikata.lt\/is-gyvenimo\/apie-rysi-su-zeme-pertekline-elektros-energija-ir-izeminima-7101<\/p>\n","protected":false},"author":1,"featured_media":0,"parent":14,"menu_order":0,"comment_status":"closed","ping_status":"closed","template":"","meta":{"spay_email":""},"_links":{"self":[{"href":"http:\/\/therapystudio.eu\/index.php?rest_route=\/wp\/v2\/pages\/183"}],"collection":[{"href":"http:\/\/therapystudio.eu\/index.php?rest_route=\/wp\/v2\/pages"}],"about":[{"href":"http:\/\/therapystudio.eu\/index.php?rest_route=\/wp\/v2\/types\/page"}],"author":[{"embeddable":true,"href":"http:\/\/therapystudio.eu\/index.php?rest_route=\/wp\/v2\/users\/1"}],"replies":[{"embeddable":true,"href":"http:\/\/therapystudio.eu\/index.php?rest_route=%2Fwp%2Fv2%2Fcomments&post=183"}],"version-history":[{"count":6,"href":"http:\/\/therapystudio.eu\/index.php?rest_route=\/wp\/v2\/pages\/183\/revisions"}],"predecessor-version":[{"id":973,"href":"http:\/\/therapystudio.eu\/index.php?rest_route=\/wp\/v2\/pages\/183\/revisions\/973"}],"up":[{"embeddable":true,"href":"http:\/\/therapystudio.eu\/index.php?rest_route=\/wp\/v2\/pages\/14"}],"wp:attachment":[{"href":"http:\/\/therapystudio.eu\/index.php?rest_route=%2Fwp%2Fv2%2Fmedia&parent=183"}],"curies":[{"name":"wp","href":"https:\/\/api.w.org\/{rel}","templated":true}]}}