{"id":168,"date":"2019-09-27T14:46:04","date_gmt":"2019-09-27T16:46:04","guid":{"rendered":"http:\/\/therapystudio.eu\/?page_id=168"},"modified":"2021-03-17T08:44:37","modified_gmt":"2021-03-17T10:44:37","slug":"vat-ir-vmt-istorija","status":"publish","type":"page","link":"http:\/\/therapystudio.eu\/?page_id=168","title":{"rendered":"Vibroakustin\u0117s terapijos istorija"},"content":{"rendered":"\n<p>Pasaulyje veikia daugyb\u0117 muzikos terapijos mokslini\u0173 institut\u0173, klinik\u0173, organizacij\u0173 ir susivienijim\u0173 vietiniu ir tarptautiniu lygiais, vyksta muzikos medicinos ekspert\u0173 tarptautiniai suva\u017eiavimai ir konferencijos, publikuojama mokslin\u0117 literat\u016bra, leid\u017eiami tarptautiniai moksliniai-metodiniai leidiniai. Gerokai ma\u017eiau \u017einoma apie <strong>vibroakustin\u0119 terapij\u0105<\/strong>. Deja, tik nedaugelyje \u0161ali\u0173 ne tik vibroakustin\u0117, garso, bet ir muzikos terapija oficiali\u0173 institucij\u0173 n\u0117ra pripa\u017einta kaip gydymo priemon\u0117. Dar turi praeiti ka\u017ekiek laiko, kol \u0161i, naujai atrasta ir \u0161iuolaikin\u0117mis technologijomis paremta, nors prie\u0161 \u0161imtme\u010dius naudota, terapija suras savo viet\u0105 gydymo ir sveikatinimo sistemoje.<\/p>\n\n\n\n<div class=\"wp-block-image\"><figure class=\"aligncenter is-resized\"><img loading=\"lazy\" src=\"http:\/\/therapystudio.eu\/wp-content\/uploads\/2019\/11\/istorija.jpeg\" alt=\"\" class=\"wp-image-878\" width=\"433\" height=\"324\" srcset=\"http:\/\/therapystudio.eu\/wp-content\/uploads\/2019\/11\/istorija.jpeg 878w, http:\/\/therapystudio.eu\/wp-content\/uploads\/2019\/11\/istorija-300x224.jpeg 300w, http:\/\/therapystudio.eu\/wp-content\/uploads\/2019\/11\/istorija-768x575.jpeg 768w\" sizes=\"(max-width: 433px) 100vw, 433px\" \/><\/figure><\/div>\n\n\n\n<p class=\"has-text-color\" style=\"color:#273a41\">Muzikos ir ritmini\u0173 vibracij\u0173 panaudojimas \u017emoni\u0173 gydymui turi labai gilias istorines \u0161aknis. M\u016bs\u0173 prot\u0117viai naudojo garsus ir \u0161okio judesius tam, kad gal\u0117t\u0173 paveikti gamtos j\u0117gas ir i\u0161gydyti ligas. Gars\u0173 vibracij\u0173 pagalba jie ne tik muzikavo, bet ir gyd\u0117 \u017emones, veik\u0117 \u017dem\u0119, atliko lietaus i\u0161\u0161aukimo ceremonijas.\u00a0 \u201eMuzika, jos pirmasis garsas gim\u0117, suk\u016brus pasaul\u012f\u201c \u2013 taip tvirtino senieji i\u0161min\u010diai. Biblijoje pasakyta: \u201ePrad\u017eioje buvo \u017dodis\u201c (t. y. garsas!).<br><em><strong>Pitagoras<\/strong> ( <\/em><a href=\"https:\/\/en.wikipedia.org\/wiki\/Pythagoras\">Pythagoras of Samos) https:\/\/en.wikipedia.org\/wiki\/Pythagoras<\/a> <em>teig\u0117, kad <strong>muzika yra visko, kas sukurta \u017eem\u0117je, pagrindas, ja persmelktos visos b\u016bvio formos.<\/strong> Jis tvirtino, kad dangaus k\u016bnai, sukdamiesi apie savo a\u0161\u012f, skleid\u017eia ne\u012ftik\u0117tino stiprumo garsus ir, drauge persipindami, pagimdo harmoning\u0105 Visatos muzik\u0105. \u0160i\u0105 muzik\u0105 jis vadino \u201cMusica mundane\u201d- \u201ePasaulio\u201c arba \u201eSfer\u0173\u201c muzika. Visatos strukt\u016br\u0105 Pitagoras tapatino su tobulu muzikiniu instrumentu, nes viskas, kas vyksta Visatoje &#8211; planet\u0173 jud\u0117jimas, met\u0173 laik\u0173 pasikeitimas &#8211; visa tai pakl\u016bsta tam tikriems harmonijos d\u0117sniams. \u017dmogaus k\u016bnas taip pat tapatinamas su muzikiniu instrumentu, tod\u0117l \u017emogui b\u016btina siekti savo vidin\u0117s harmonijos, apsijungiant su pasauline harmonija. Muzika laikoma tarpininku tarp \u017emogaus ir pasaulio, nes ji \u201eatkuria auk\u0161\u010diausios tvarkos harmonij\u0105, universaliuosius d\u0117snius\u201c. \u017dmogus, priimdamas muzikos garsus, s\u0105moningai arba nes\u0105moningai prisijungia prie d\u0117sni\u0173, kurie valdo visk\u0105, kas sukurta \u0161ioje \u017eem\u0117je. <\/em><\/p>\n\n\n\n<div class=\"wp-block-image\"><figure class=\"aligncenter is-resized\"><img loading=\"lazy\" src=\"http:\/\/therapystudio.eu\/wp-content\/uploads\/2019\/09\/vmt-istorij-uolos-skaidre.jpeg\" alt=\"\" class=\"wp-image-208\" width=\"433\" height=\"281\" srcset=\"http:\/\/therapystudio.eu\/wp-content\/uploads\/2019\/09\/vmt-istorij-uolos-skaidre.jpeg 967w, http:\/\/therapystudio.eu\/wp-content\/uploads\/2019\/09\/vmt-istorij-uolos-skaidre-300x195.jpeg 300w, http:\/\/therapystudio.eu\/wp-content\/uploads\/2019\/09\/vmt-istorij-uolos-skaidre-768x498.jpeg 768w\" sizes=\"(max-width: 433px) 100vw, 433px\" \/><\/figure><\/div>\n\n\n\n<div class=\"wp-block-image\"><figure class=\"aligncenter is-resized\"><img loading=\"lazy\" src=\"http:\/\/therapystudio.eu\/wp-content\/uploads\/2019\/11\/Hazrat-Inayat-Khan.jpeg\" alt=\"\" class=\"wp-image-857\" width=\"121\" height=\"181\"\/><figcaption>H.I.Khan <a href=\"https:\/\/wahiduddin.net\/hik\/hik_origins.htm\">https:\/\/wahiduddin.net\/hik\/hik_origins.htm<\/a><\/figcaption><\/figure><\/div>\n\n\n\n<p class=\"has-text-align-left has-text-color\" style=\"color:#25353c\"><a><em>Knygoje \u201cAbstraktus garsas\u201d sufijus-mistikas ir muzikantas <strong>H.I.Chanas  <\/strong>(Hazrat Inayat Khan) ra\u0161o:\u201cSufijai didel\u0119 reik\u0161m\u0119 skiria taip vadinamam \u201cAbstrak\u010diam garsui Saut-e Sarmad\u201d ir laiko, kad jo kupina visa erdv\u0117. \u0160io garso vibracijos per daug subtilios, kad b\u016bt\u0173 girdimos ar regimos materialiomis ausimis ir akimis, tik pasi\u0161ventusieji j\u012f gali pajusti ir i\u0161girsti. Tai, k\u0105 Mahometas gird\u0117jo oloje, giliai nugrimzd\u0119s \u012f savo dievi\u0161k\u0105 ideal\u0105, ir buvo \u0161is abstraktaus plano garsas. Koranas \u0161\u012f gars\u0105 \u012fvardija kaip \u201eB\u016bk! Ir viskas tapo\u201c. Moz\u0117 t\u0105 pat\u012f gars\u0105 gird\u0117jo ant Sinajaus kalno, kai bendravo su Vie\u0161pa\u010diu, t\u0105 pat\u012f gird\u0117jo ir Kristus dykumoje, kai susiliejo su savo Dievi\u0161ku T\u0117vu. \u0160iva taip pat gird\u0117jo analogi\u0161k\u0105 gars\u0105 savo medicacij\u0173 metu Himalaj\u0173 oloje. Kri\u0161nos fleita simbolizuoja t\u0105 gars\u0105.\u00a0 Sufijus su\u017eino apie praeit\u012f, dabart\u012f ir ateit\u012f bei apie visus daiktus gyvenime, sugeb\u0117damas nustatyti garso krypt\u012f. <strong>\u201e\u017dinantys garso paslapt\u012f \u017eino visos Visatos paslapt\u012f\u201c &#8211; teigia ir did\u017eiausias \u017emonijos genijus N. Tesla)<\/strong>. Kad ir kas atsiduot\u0173 \u0161io garso melodijai, jis pamir\u0161 visus \u017eemi\u0161kus apribojimus bei atskyrimus ir pasieks tikr\u0105j\u012f tiksl\u0105, kuriame susilieja visi Dievo palaimintieji. Erdv\u0117 egzistuoja k\u016bno viduje lygiai taip pat kaip ir i\u0161or\u0117je, kitaip sakant, k\u016bnas yra erdv\u0117je, o erdv\u0117 yra k\u016bne. Vieni i\u0161moksta klausyti Saut-e Sarmad vienatv\u0117je ant j\u016bros kranto, prie up\u0117s, ant kalv\u0173 ir sl\u0117niuose, kiti i\u0161girsta j\u012f, s\u0117d\u0117dami kaln\u0173 olose ar nuolat klajodami po mi\u0161kus ir dykumas, apsistodami laukin\u0117je gamtoje, toli nuo \u017emoni\u0173 lankom\u0173 viet\u0173. Jogai ir asketai pu\u010dia sing\u0105 (rag\u0105) arba \u0161ankh\u0105 (kriaukl\u0119), kuri\u0173 garsai pa\u017eadina juose \u0161\u012f vidin\u012f ton\u0105. Dervi\u0161as tuo pa\u010diu tikslu groja nai arba algosa (dviguba fleita), sitara arba vina. Ba\u017eny\u010di\u0173 ir \u0161ventykl\u0173 varpai bei gongai skirti priminti m\u0105stan\u010diajam \u0161\u012f \u0161vent\u0105 gars\u0105 ir taip \u012fvesti pastar\u0105j\u012f \u012f vidin\u012f gyvenim\u0105.\u201d<\/em><\/a><em> <\/em><a><em>Kitoje knygoje \u201cGarso misticizmas\u201d \u0161is autorius i\u0161samiai apra\u0161o garso poveik\u012f \u017emogaus harmonizavimui, paties muzikavimo reik\u0161m\u0119, ypa\u010d daug d\u0117mesio skirdamas savo m\u0117gstamiausiam instrumentui \u2013 vinai. Egzistuoja tokia Pitagoro \u201cMusica mundana\u201d, \u201csfer\u0173\u201d ar H.I Chano \u201cSout-e Sarmad\u201d muzika ar ne? Kod\u0117l mes jos negirdime? Dabartiniu metu jau yra u\u017eregistruota, kad planet\u0173 jud\u0117jimas pagimdo infragarsus, kurie \u012f \u017emogaus girdim\u0173 gars\u0173 diapazon\u0105 nepatenka, nors jie ir daro didel\u0119 \u012ftak\u0105 mums ir mus supan\u010diai gamtai. Tokiu b\u016bdu \u201cDievi\u0161koji muzika\u201d veikia makrokosmose vykstan\u010dius procesus, kurie atsiliepia \u012f \u017emog\u0173 supant\u012f mikrokosmos\u0105. Galb\u016bt, b\u016btent d\u0117l to \u017emogui nuo seno b\u016bdinga garbinti savo k\u016br\u0117j\u0105 \u017eod\u017eiais, maldomis ir dainomis.<br><\/em><strong><em> Muzika, giedojimas, garsus mantr\u0173 kartojimas sustiprina bet kok\u012f d\u017eiaugsm\u0105, nuramina bet kok\u012f li\u016bdes\u012f, i\u0161varo ligas, suma\u017eina skausm\u0105, ir tod\u0117l senieji i\u0161min\u010diai garbino vientis\u0105 Sielos, Melodijos ir Dainos j\u0117g\u0105.<\/em><\/strong><\/a><em><strong> \u201c (I.H.Chanas \u201cGarso misticizmas\u201d) <\/strong><\/em><\/p>\n\n\n\n<p>Kaip matome, gars\u0173 virpesiai daugelyje kult\u016br\u0173 jau buvo \u017einomi ir naudojami, siekiant pad\u0117ti pacientams gr\u0105\u017einti psichin\u0119, fizin\u0119 ir emocin\u0119 pusiausvyr\u0105. <\/p>\n\n\n\n<p>Dabartin\u0117s medicinos technologijos taip pat naudoja kai kurias \u012fvairaus intensyvumo ir da\u017enio vibracijas diagnostikos ir gydymo tikslams. Ultragarsiniai da\u017eniai padeda diagnozuoti, auk\u0161tesni ir intensyvesni da\u017eniai naudojami inkst\u0173 akmenis suardyti ir audini\u0173 pa\u017eeidimams gydyti. Alternatyvios medicinos specialistai naudoja mechanin\u012f vibracin\u012f gydym\u0105 chiropraktikoje s\u0105nari\u0173 ir raumen\u0173 skausmui mal\u0161inti.<\/p>\n\n\n\n<p>1867m. mechanines vibracijas vibruojan\u010di\u0173 platform\u0173 pagrindu gydymui band\u0117 naudoti \u0160vedijos mokslininkas <strong>Dr. Jonas Gustav Vilhelm Zander<\/strong> https:\/\/en.wikipedia.org\/wiki\/Gustav_Zander), 1895m. &#8211; JAV gydytojas, i\u0161rad\u0117jas ir verslininkas Dr. <strong>John Harvey Kellogg<\/strong> https:\/\/en.wikipedia.org\/wiki\/John_Harvey_Kellogg), v\u0117liau \u0161i\u0105 terapij\u0105, vadinama <strong>mechanoterapij<\/strong>\u0105, profilaktiniam kaul\u0173 ret\u0117jimo sustabdymui naudojo Rusijos ir NASA astronaut\u0173 centrai   <a href=\"https:\/\/www.healthline.com\/health\/vibration-therapy\">https:\/\/www.healthline.com\/health\/vibration-therapy<\/a><\/p>\n\n\n\n<p>Tobulesn\u0117 &#8211; <strong>vibroakustin\u0117 \u012franga<\/strong> buvo prad\u0117ta kurti apie 1970 m., kai novatori\u0161ki in\u017einieriai ir medikai atrado k\u016bnu jau\u010diam\u0173 subtilesni\u0173, nei mechanin\u0117, garsini\u0173 vibracij\u0173 vert\u0119, papildydami muzikos terapijos galimybes. <\/p>\n\n\n\n<p>Norveg\u0173 pedagogas ir terapeutas <strong>Olav Skille <\/strong>(<a href=\"https:\/\/www.olavat.com\/olav-skille-welcomes-you\">https:\/\/www.olavat.com\/olav-skille-welcomes-you<\/a>) eksperimentavo su \u017eemo da\u017enio garsais (nuo 20 iki 120 Hz) vaikams, turintiems sunki\u0173 fizini\u0173 ir psichini\u0173 sunkum\u0173. De\u0161imtojo de\u0161imtme\u010dio pabaigoje jis suk\u016br\u0117 pirm\u0105j\u0105 \u201eVibroAcoustic\u201c k\u0117d\u0119, naudodamas vien\u0105 impulsin\u012f sinusoidin\u012f da\u017en\u012f kaip garso \u0161altin\u012f generuoti virpesiams, susimai\u0161ytiems su klausoma muzika. A\u0161tuntajame de\u0161imtmetyje <strong>Petri Lehikoinen<\/strong> (<a href=\"http:\/\/www.nextwaveworldwide.com\/physioacoustic\/\">http:\/\/www.nextwaveworldwide.com\/physioacoustic\/<\/a>), klinikin\u0117 psicholog\u0117 i\u0161 Helsinkio Suomijos universiteto suk\u016br\u0117 \u201epsichoakustin\u012f\u201c metod\u0105, pagr\u012fst\u0105 k\u016bno skenavimu sinusoidiniu garsu tarp 27 ir 113 Hz ir specialiai parinkta klausom\u0105ja muzika.<br>1985 m. JAV i\u0161rad\u0117jas <strong>Byron Eakin<\/strong> (<a href=\"http:\/\/www.somatron.com\/about.htm\">http:\/\/www.somatron.com\/about.htm<\/a>) i\u0161leido savo vibroakustin\u0119 sistem\u0105 kaip atsipalaidavimo \u012frank\u012f (sistem\u0105 gamina \u201eSomatron Corporation\u201c, Tampa, Florida). \u012evairaus  dizaino \u201eSomatron\u201c \u012frenginiai naudoja muzikines vibracijas, kurios juntamos per stal\u0105, \u010diu\u017ein\u012f, kilim\u0117l\u012f, k\u0117d\u0119, atlo\u0161\u0105, s\u0117dmai\u0161\u012f ar net per vibruojan\u010dias grindis ir sienas, jutiminiam stimuliavimui. Tyrimai \u012frodo, kad \u0161ie modeliai gali suma\u017einti nerim\u0105, \u012ftamp\u0105 ir nuovarg\u012f, taip pat valdyti skausmo ir ligos simptomus.<br> De\u0161imtojo de\u0161imtme\u010dio pabaigoje \u0160iaur\u0117s Teksaso universiteto Fortvorto Teksaso muzikos ir medicinos centro \u0161vietimo ir tyrim\u0173 direktorius <strong>Kris Chesky<\/strong> ( <a href=\"https:\/\/music.unt.edu\/faculty-and-staff\/kris-chesky\">https:\/\/music.unt.edu\/faculty-and-staff\/kris-chesky<\/a>) suprojektavo vibroakustin\u012f \u012frengin\u012f, skirt\u0105 moksliniams vibroakustikos tyrimams. Jo \u201emuzikos virpesi\u0173 stalas\u201c MVT sukelia da\u017enius, kurie nevir\u0161ija nat\u016bralaus skausm\u0105 slopinan\u010dio mechanizmo diapazono. \u0160is sud\u0117tingas \u012frenginys leid\u017eia moksli\u0161kai i\u0161matuoti ir valdyti mechaninius virpesius, daran\u010dius poveik\u012f stimuliuojamam asmeniui. MVT \u012frenginio kompiuteriai yra su sud\u0117tingoms garso apdorojimo ir gr\u012f\u017etamojo ry\u0161io galimyb\u0117ms. <\/p>\n\n\n\n<p>Olav Skille ir Tony Wigram \u2013 pagrindiniai mokslo korif\u0117jai Europoje, kurie pad\u0117jo suprasti Vibroakustin\u0119 terapij\u0105 kaip moksliniais tyrimais pagr\u012fst\u0105 gydymo b\u016bd\u0105. <\/p>\n\n\n\n<p>1968 m. <strong>O. Skille<\/strong> prad\u0117jo vibroakustinius tyrimus su vaikais Skandinavijoje, sukurdamas \u012frang\u0105 ir muzikos programas. Jis atrado, kad VAT padeda toki\u0173 lig\u0173, kaip astma, autizmas, cistin\u0117 fibroz\u0117, smegen\u0173 paraly\u017eius, nemiga, skausmas ir Parkinsono liga, gydymui. <\/p>\n\n\n\n<div class=\"wp-block-image\"><figure class=\"aligncenter is-resized\"><img loading=\"lazy\" src=\"http:\/\/therapystudio.eu\/wp-content\/uploads\/2019\/10\/O.Skille.jpeg\" alt=\"\" class=\"wp-image-784\" width=\"99\" height=\"128\" srcset=\"http:\/\/therapystudio.eu\/wp-content\/uploads\/2019\/10\/O.Skille.jpeg 466w, http:\/\/therapystudio.eu\/wp-content\/uploads\/2019\/10\/O.Skille-231x300.jpeg 231w\" sizes=\"(max-width: 99px) 100vw, 99px\" \/><figcaption><a href=\"https:\/\/www.olavat.com\/olav-skille-welcomes-you\">https:\/\/www.olavat.com\/olav-skille-welcomes-you<\/a><\/figcaption><\/figure><\/div>\n\n\n\n<p>1990-aisiais Anglijoje <strong>Tony Wigram<\/strong> prad\u0117jo tyrimus suaugusiems, naudodamas kai kuriuos O. Skille metodus.<\/p>\n\n\n\n<div class=\"wp-block-image\"><figure class=\"aligncenter is-resized\"><img loading=\"lazy\" src=\"http:\/\/therapystudio.eu\/wp-content\/uploads\/2019\/10\/T.WIgram.jpeg\" alt=\"\" class=\"wp-image-783\" width=\"107\" height=\"116\" srcset=\"http:\/\/therapystudio.eu\/wp-content\/uploads\/2019\/10\/T.WIgram.jpeg 607w, http:\/\/therapystudio.eu\/wp-content\/uploads\/2019\/10\/T.WIgram-275x300.jpeg 275w\" sizes=\"(max-width: 107px) 100vw, 107px\" \/><figcaption><a href=\"https:\/\/www.researchgate.net\/scientific-contributions\/38360658_Tony_Wigram\">https:\/\/www.researchgate.net\/scientific-contributions\/38360658_Tony_Wigram<\/a><\/figcaption><\/figure><\/div>\n\n\n\n<p>1999 m. JAV Nacionalinis sveikatos institutas paskelb\u0117 tyrimus apie Vibroakustin\u0117s terapijos naudojim\u0105 skausmui ir simptom\u0173, kurie da\u017enai lydi skausm\u0105, pavyzd\u017eiui, nerimo ir depresijos, gydymui. \u0160iuo metu JAV ir Skandinavijoje jau veikia nema\u017eai inovatyvi\u0173 ligonini\u0173, kurios naudoja Vibroakustin\u0119 terapij\u0105 (VAT ir VMT) kaip papildom\u0105 veiksming\u0105 pried\u0105 prie chirurgijos, chemoterapijos ir kit\u0173 medicinini\u0173 proced\u016br\u0173. JAV \u0161ioje srityje aktyviai dirba <strong>Jonathan Goldman<\/strong>, <strong>David Gibson<\/strong> ir kiti.<\/p>\n\n\n\n<p>\u0160iuo metu Europoje vibroakustin\u0117s terapijos mokslinius tyrimus ir edukacij\u0105 atlieka <strong>VIBRAC <\/strong>mokslinink\u0173 grup\u0117 Suomijoje <a href=\"http:\/\/vibrac.fi\/\">http:\/\/vibrac.fi\/<\/a>.<\/p>\n\n\n\n<p><strong>Vibroakustin\u0117 technologija yra veiksmingas atsipalaidavimo, nerimo ir raumen\u0173 \u012ftampos ma\u017einimo bei skausmo gydymo b\u016bdas. Vibroakustika gali gydyti sutrikimus ir naudotina atliekant medicinines proced\u016bras. \u0160is metodas efektyvus \u012fvairiose medicinos ir sveikatinimo programose bei daug \u017eadantis ateityje. Vibroakustikos technologijos patobul\u0117jo, bet, tam, kad b\u016bt\u0173 galima geriau i\u0161naudoti vis\u0105 \u0161ios technologijos potencial\u0105, b\u016btina toliau nuolat tobulinti veiksmingus protokolus bei dozavim\u0105.<\/strong><\/p>\n\n\n\n<p><a href=\"https:\/\/www.lifevesselfw.com\/vibroacoustic-healing\">https:\/\/www.lifevesselfw.com\/vibroacoustic-healing<\/a><\/p>\n","protected":false},"excerpt":{"rendered":"<p>Pasaulyje veikia daugyb\u0117 muzikos terapijos mokslini\u0173 institut\u0173, klinik\u0173, organizacij\u0173 ir susivienijim\u0173 vietiniu ir tarptautiniu lygiais, vyksta muzikos medicinos ekspert\u0173 tarptautiniai suva\u017eiavimai ir konferencijos, publikuojama mokslin\u0117 literat\u016bra, leid\u017eiami tarptautiniai moksliniai-metodiniai leidiniai. Gerokai ma\u017eiau \u017einoma apie vibroakustin\u0119 terapij\u0105. Deja, tik nedaugelyje \u0161ali\u0173 ne tik vibroakustin\u0117, garso, bet ir muzikos terapija oficiali\u0173 institucij\u0173 n\u0117ra pripa\u017einta kaip gydymo priemon\u0117. [&hellip;]<\/p>\n","protected":false},"author":1,"featured_media":0,"parent":14,"menu_order":0,"comment_status":"closed","ping_status":"closed","template":"","meta":{"spay_email":""},"_links":{"self":[{"href":"http:\/\/therapystudio.eu\/index.php?rest_route=\/wp\/v2\/pages\/168"}],"collection":[{"href":"http:\/\/therapystudio.eu\/index.php?rest_route=\/wp\/v2\/pages"}],"about":[{"href":"http:\/\/therapystudio.eu\/index.php?rest_route=\/wp\/v2\/types\/page"}],"author":[{"embeddable":true,"href":"http:\/\/therapystudio.eu\/index.php?rest_route=\/wp\/v2\/users\/1"}],"replies":[{"embeddable":true,"href":"http:\/\/therapystudio.eu\/index.php?rest_route=%2Fwp%2Fv2%2Fcomments&post=168"}],"version-history":[{"count":18,"href":"http:\/\/therapystudio.eu\/index.php?rest_route=\/wp\/v2\/pages\/168\/revisions"}],"predecessor-version":[{"id":1252,"href":"http:\/\/therapystudio.eu\/index.php?rest_route=\/wp\/v2\/pages\/168\/revisions\/1252"}],"up":[{"embeddable":true,"href":"http:\/\/therapystudio.eu\/index.php?rest_route=\/wp\/v2\/pages\/14"}],"wp:attachment":[{"href":"http:\/\/therapystudio.eu\/index.php?rest_route=%2Fwp%2Fv2%2Fmedia&parent=168"}],"curies":[{"name":"wp","href":"https:\/\/api.w.org\/{rel}","templated":true}]}}