{"id":14,"date":"2019-09-24T11:42:18","date_gmt":"2019-09-24T13:42:18","guid":{"rendered":"http:\/\/therapystudio.eu\/?page_id=14"},"modified":"2021-12-29T15:23:30","modified_gmt":"2021-12-29T17:23:30","slug":"vibroakustine-muzikos-terapija","status":"publish","type":"page","link":"http:\/\/therapystudio.eu\/?page_id=14","title":{"rendered":"Vibroakustin\u0117 terapija (VAT) ir vibroakustin\u0117 muzikos terapija (VMT)"},"content":{"rendered":"\n<p class=\"has-text-color\" style=\"color:#084831\">\u0160i\u0173 2 nauj\u0173 moderni\u0173 terapij\u0173 pavadinimai kil\u0119 i\u0161<a> \u017eod\u017ei\u0173 \u201cvibro\u201d (vibruojantis) ir \u201dacoustics\u201d (gird\u0117ti). Akustinio garso poveikio principas taikomas tiek VAT, tiek ir VMT relaksacini\u0173 sveikatinimo proced\u016br\u0173 metu. VAT vibroakustin\u0117s terapijos metu naudojami prietais\u0173 generuojami sinuso formos \u017eemo da\u017enio virpesiai, parenkami pagal nusiskundim\u0173 pob\u016bd\u012f. Jie veikia vis\u0105 k\u016bn\u0105 ar tik jo dal\u012f, o muzikos gali b\u016bti klausoma per ausines. \u0160i terapija skirta konkretiems negalavimams palengvinti ir moksliniams tyrimams atlikti. Tuo tarpu VMT (vibroakustin\u0117s muzikos terapija) skirta pla\u010diam ratui \u017emoni\u0173, siekian\u010di\u0173 atsikratyti streso, pagerinti savijaut\u0105, atsipalaiduoti, tiesiog pails\u0117ti. VMT metu labai malon\u016bs speciali\u0173 muzikini\u0173 \u012fra\u0161\u0173 virpesiai jau\u010diami visu k\u016bnu<\/a>, nes \u017emogus guli ar s\u0117di ant specialaus akustinio instrumento-stalo, lovos, fotelio ar matraco su viduje virpan\u010diais galingais garsiakalbiais arba vibrokeitikliais. Patalpoje paprastai skamba ir kokybi\u0161ka erdvin\u0117 muzika, kartu su fizi\u0161kai veikian\u010diomis k\u016bno vibracijomis suteikianti papildom\u0105 emocin\u012f-meditacin\u012f-relaksacin\u012f b\u016bv\u012f. <\/p>\n\n\n\n<p><strong>M\u016bs\u0173 studijos unikalios InovaVMT privalumas yra naujausi\u0173 akustikos, gars\u0173 sintez\u0117s ir \u0161viesos technologij\u0173 naudojimas asmenin\u0117ms relaksacin\u0117ms sesijoms, kuri\u0173 metu, siekiama maksimalaus raminan\u010dio poveikio, padedan\u010dio atsitiesti nuo ilgalaiki\u0173 sutrikim\u0173: nerimo, depresijos, streso, skausmo, nemigos ir kit\u0173. Klientas terapijos metu \u012fvedamas \u012f relaksuojan\u010di\u0105 meditacin\u0119, savigydai palanki\u0105 b\u016bsen\u0105, kuri paprastai trunka 60 minu\u010di\u0173. Jos metu rami, pulsuojanti \u017eem\u0173 da\u017eni\u0173 elektronin\u0117 muzika vibruoja visu k\u016bnu bei girdima per daugiakanal\u0119 garso sistem\u0105, palydima vizualin\u0117mis vaizdo projekcijomis ir besikei\u010dian\u010diu spalvotu patalpos fonu. Patyrusi\u0173 JAV muzikos terapeut\u0173 specialiai gars\u0173 stalui (Sound Table) sukurti muzikos k\u016briniai papildomi dainuojan\u010di\u0173 Himalaj\u0173 duben\u0173 ir kit\u0173 archaini\u0173 instrument\u0173 garsais, grojimu sintezatoriais, tod\u0117l kiekviena terapijos sesija yra vis kitokia ir unikali. Visa tai skatina organizmo atsipalaidavim\u0105 ir nat\u016brali\u0173 vidini\u0173 gali\u0173 stimuliavim\u0105<\/strong>. \u017dinoma, tai &#8211; tik papildoma, mokslu pagr\u012fsta priemon\u0117 grei\u010diau ir lengviau pasiekti meditacin\u0119 b\u016bsen\u0105. J\u0105 i\u0161siugdyti paprastai naudojami \u012fvair\u016bs psichologiniai ir mistiniai metodai, ilgalaikiai pratimai mokytoj\u0173-meditatori\u0173 prie\u017ei\u016broje, ilgi kursai egzotin\u0117se \u0161alyse, kol i\u0161siugdomas tam tikras \u012fg\u016bdis. Tam gali prireikti ne vieneri\u0173 met\u0173. \u0160i moderni technologija relaksacij\u0105 ir meditacin\u0119 b\u016bsen\u0105 leid\u017eia pajusti jau pirmojo seanso metu. Su kiekvienu seansu tai taps vis lengviau ir lengviau. Bet tam reikalingos ir J\u016bs\u0173 pastangos: skirti laiko sau, atitr\u016bkti nuo kasdienyb\u0117s, prisiversti atsipalaiduoti, nukreipti mintis nuo kasdienini\u0173 r\u016bpes\u010di\u0173 link savo fizinio ir vidinio k\u016bno, atjungti prot\u0105 nuo lakstan\u010di\u0173 min\u010di\u0173, pajausti vidin\u0119 tyl\u0105. <\/p>\n\n\n\n<p>\u017dmogaus k\u016bnas turi artim\u0105 kontakt\u0105 su pavir\u0161iais, prie kuri\u0173 sumontuoti garsiakalbiai, tod\u0117l k\u016bnas tiesiogiai jau\u010dia muzik\u0105 kaip vibracij\u0105, o ne tik gars\u0105 ausimis. Vibracijos stimuliuoja nervinius ry\u0161ius palei stubur\u0105, veikia \u012f smegen\u0173 kamien\u0105 ir tada &#8211; per limbin\u0119 sistem\u0105 aktyvuojamas klausos nervas, kuris jungiasi su visais k\u016bno raumenimis. Smegenys \u201cliepia\u201d k\u016bnui atsipalaiduoti ir duoda signalus atitinkamiems organams \u201cu\u017etvindyti\u201d k\u016bn\u0105 nuotaik\u0105 kelian\u010diomis chemin\u0117mis med\u017eiagomis. Be to, \u017eemas da\u017enis ypa\u010d efektyviai sukelia audini\u0173 atsipalaidavim\u0105, kraujagysli\u0173 i\u0161sipl\u0117tim\u0105 ir limfini\u0173 tak\u0173 atsiv\u0117rim\u0105, o tai savo ruo\u017etu padidina organizmo geb\u0117jim\u0105 i\u0161gydyti. <\/p>\n\n\n\n<div class=\"wp-block-image\"><figure class=\"aligncenter is-resized\"><img loading=\"lazy\" src=\"http:\/\/therapystudio.eu\/wp-content\/uploads\/2019\/09\/vmt-skaidre.jpeg\" alt=\"\" class=\"wp-image-204\" width=\"496\" height=\"271\" srcset=\"http:\/\/therapystudio.eu\/wp-content\/uploads\/2019\/09\/vmt-skaidre.jpeg 991w, http:\/\/therapystudio.eu\/wp-content\/uploads\/2019\/09\/vmt-skaidre-300x165.jpeg 300w\" sizes=\"(max-width: 496px) 100vw, 496px\" \/><\/figure><\/div>\n\n\n\n<p>Visa materija vibruoja,\nir \u017emogaus k\u016bnas \u2013 ne i\u0161imtis. Vibracija ir garsas mums yra labai artimi, nes\npirm\u0105 kart\u0105 su \u0161iais rei\u0161kiniais susiduriame jau motinos \u012fs\u010diose, jausdami jos\n\u0161irdies plakim\u0105 ir bals\u0105.<\/p>\n\n\n\n<p>M\u016bs\u0173 k\u016bnus sudaro 50-70% vandens. Garsas vandenyje keliauja 5 kartus grei\u010diau, nei per or\u0105, tod\u0117l garsini\u0173 da\u017eni\u0173 poveikis tiesiogiai \u012f k\u016bn\u0105 yra labai veiksminga priemon\u0117 viso k\u016bno stimuliacijai l\u0105steli\u0173 lygmenyje. Tai iliustruoja Cymatics fenomenas: <a href=\"https:\/\/www.delamora.life\/cymatics\">ps:\/\/www.delamora.life\/cymatics<\/a><\/p>\n\n\n\n<p><\/p>\n\n\n\n<p>Sveikiems \u017emon\u0117ms rekomenduojama profilakti\u0161kai pasinaudoti InovaVMT terapija bent kart\u0105 per m\u0117nes\u012f, o turintiems rimtesni\u0173 problem\u0173 \u2013 palankyti terapijos seansus 6 &#8211; 12 kart\u0173, kaip rekomenduoja daugelis praktikuotoj\u0173.<\/p>\n\n\n\n<p>Da\u017eniausiai, net ir joki\u0173 dvasini\u0173 meditacini\u0173 praktik\u0173 iki tol nepatyrusiems pacientams, InovaVMT metu pavyksta pajausti Teta da\u017eni\u0173 meditacin\u0119 b\u016bsen\u0105. Tada \u012fvyksta galingi vidiniai poky\u010diai, kai i\u0161sprend\u017eiamos giliai pasl\u0117ptos kalt\u0117s, baim\u0117s, g\u0117dos, psichologini\u0173 traumos sukeltos problemos, \u012fveikiami giliai \u012fsi\u0161aknij\u0119 neigiam\u0173 min\u010di\u0173 ir elgesio modeliai.<\/p>\n\n\n\n<p><strong>VAT terapijos poveikis:<\/strong><\/p>\n\n\n\n<p><strong>1. Limbin\u0117 sistema (smegen\u0173 dalis, esanti tarp smegen\u0173 kamieno ir did\u017ei\u0173j\u0173 pusrutuli\u0173) veikiama gr\u012f\u017eti \u012f rami\u0105 b\u016bsen\u0105, ir, laikui b\u0117gant, organizmas tampa geriau pasireng\u0119s savireguliacijai ir atsparesnis stresui. <\/strong><\/p>\n\n\n\n<p><strong>2. Aktyvinamas atsipalaidavimo atsakas, kuris teigiamai veikia fizin\u0119 ir emocin\u0119 sveikat\u0105.<\/strong><\/p>\n\n\n\n<p><strong>3. Suma\u017e\u0117ja \u0161irdies susitraukim\u0173 da\u017enis, normalizuojasi \u0161irdies ritmas, kuris yra atsparumo stresui rodiklis.<\/strong><\/p>\n\n\n\n<p><strong>4. Suma\u017e\u0117ja kraujo spaudimas, suma\u017einantis insulto ir \u0161irdies priepuolio rizik\u0105.<\/strong><\/p>\n\n\n\n<p><strong>5. Raumenys atsipalaiduoja, suma\u017einant \u012ftampos ir spazm\u0173 sukelt\u0105 skausm\u0105.<\/strong><\/p>\n\n\n\n<p><strong>6. Skausmas suma\u017e\u0117ja d\u0117l \u201elaiming\u0173\u201c hormon\u0173 ir nat\u016brali\u0173 opiat\u0173 kiekio padid\u0117jimo.<\/strong><\/p>\n\n\n\n<p><strong>7. Padid\u0117ja k\u016bno med\u017eiag\u0173, kurios maitina l\u0105steles ir organus, cirkuliacija.<\/strong><\/p>\n\n\n\n<p>Pasak \u017eymaus JAV garso terapeuto ir mokytojo Jonathan Goldman <a href=\"https:\/\/www.healingsounds.com\/projecting-intention\/\"><\/a><a href=\"https:\/\/www.healingsounds.com\/projecting-intention\/\"><\/a><a href=\"https:\/\/www.healingsounds.com\/projecting-intention\/\">(<\/a><a href=\"https:\/\/www.healingsounds.com\/projecting-intention\/\"><\/a><a href=\"https:\/\/www.healingsounds.com\/projecting-intention\/\"><\/a><a href=\"https:\/\/www.healingsounds.com\/\"><\/a><a href=\"https:\/\/www.healingsounds.com\/projecting-intention\/\"><\/a><a href=\"https:\/\/www.healingsounds.com\/projecting-intention\/\">https:\/\/www.healingsounds.co<\/a>m\/), b\u016btina atsiminti, kad gydymo proceso s\u0117km\u0119 nusako \u0161i paprasta formul\u0117:<\/p>\n\n\n\n<figure class=\"wp-block-image\"><img loading=\"lazy\" width=\"877\" height=\"656\" src=\"http:\/\/therapystudio.eu\/wp-content\/uploads\/2019\/10\/FIHealing-2.jpeg\" alt=\"\" class=\"wp-image-785\" srcset=\"http:\/\/therapystudio.eu\/wp-content\/uploads\/2019\/10\/FIHealing-2.jpeg 877w, http:\/\/therapystudio.eu\/wp-content\/uploads\/2019\/10\/FIHealing-2-300x224.jpeg 300w, http:\/\/therapystudio.eu\/wp-content\/uploads\/2019\/10\/FIHealing-2-768x574.jpeg 768w\" sizes=\"(max-width: 877px) 100vw, 877px\" \/><\/figure>\n\n\n\n<p>Tinkamas J\u016bs\u0173 nusiteikimas kartu su m\u016bs\u0173 patirtimi bei technologiniais sprendimais gali padaryti stebuklus. <\/p>\n\n\n\n<p>Net ir neturintiems joki\u0173 sveikatos problem\u0173 \u017emon\u0117ms \u0161i terapija padeda tiesiog jaustis gerai.<\/p>\n\n\n\n<p>Tad, jei esate pasiruo\u0161\u0119 susigr\u0105\u017einti vidin\u0119 rimt\u012f ir harmonij\u0105, i\u0161bandykite InovaVMT relaksacin\u0119 terapij\u0105 tiesiog \u0161iandien.<\/p>\n","protected":false},"excerpt":{"rendered":"<p>\u0160i\u0173 2 nauj\u0173 moderni\u0173 terapij\u0173 pavadinimai kil\u0119 i\u0161 \u017eod\u017ei\u0173 \u201cvibro\u201d (vibruojantis) ir \u201dacoustics\u201d (gird\u0117ti). Akustinio garso poveikio principas taikomas tiek VAT, tiek ir VMT relaksacini\u0173 sveikatinimo proced\u016br\u0173 metu. VAT vibroakustin\u0117s terapijos metu naudojami prietais\u0173 generuojami sinuso formos \u017eemo da\u017enio virpesiai, parenkami pagal nusiskundim\u0173 pob\u016bd\u012f. Jie veikia vis\u0105 k\u016bn\u0105 ar tik jo dal\u012f, o muzikos gali [&hellip;]<\/p>\n","protected":false},"author":1,"featured_media":0,"parent":0,"menu_order":0,"comment_status":"closed","ping_status":"closed","template":"","meta":{"spay_email":""},"_links":{"self":[{"href":"http:\/\/therapystudio.eu\/index.php?rest_route=\/wp\/v2\/pages\/14"}],"collection":[{"href":"http:\/\/therapystudio.eu\/index.php?rest_route=\/wp\/v2\/pages"}],"about":[{"href":"http:\/\/therapystudio.eu\/index.php?rest_route=\/wp\/v2\/types\/page"}],"author":[{"embeddable":true,"href":"http:\/\/therapystudio.eu\/index.php?rest_route=\/wp\/v2\/users\/1"}],"replies":[{"embeddable":true,"href":"http:\/\/therapystudio.eu\/index.php?rest_route=%2Fwp%2Fv2%2Fcomments&post=14"}],"version-history":[{"count":30,"href":"http:\/\/therapystudio.eu\/index.php?rest_route=\/wp\/v2\/pages\/14\/revisions"}],"predecessor-version":[{"id":1294,"href":"http:\/\/therapystudio.eu\/index.php?rest_route=\/wp\/v2\/pages\/14\/revisions\/1294"}],"wp:attachment":[{"href":"http:\/\/therapystudio.eu\/index.php?rest_route=%2Fwp%2Fv2%2Fmedia&parent=14"}],"curies":[{"name":"wp","href":"https:\/\/api.w.org\/{rel}","templated":true}]}}