{"id":1367,"date":"2025-05-07T14:07:10","date_gmt":"2025-05-07T16:07:10","guid":{"rendered":"http:\/\/therapystudio.eu\/?page_id=1367"},"modified":"2025-05-07T14:58:53","modified_gmt":"2025-05-07T16:58:53","slug":"rimvydo-elektroniniai-garso-instrumentai","status":"publish","type":"page","link":"http:\/\/therapystudio.eu\/?page_id=1367","title":{"rendered":"Rimvydo elektroniniai garso instrumentai"},"content":{"rendered":"\n<p>Daugelis m\u016bs\u0173 pa\u017e\u012fstam\u0173 ir draug\u0173 vis klausin\u0117ja apie mano nuo 1968 met\u0173, dar nuo mokyklos ir studij\u0173 KPI Radioelektronikos fakultete laik\u0173, prad\u0117tus eksperimentus kuriant elektroninius instrumentus bei priedus, skirtus pagyvinti muzikant\u0173 sesijas. Tuo metu, kaip dar kas gal dar ir atsimenate, nebuvo prakti\u0161kai joki\u0173 galimybi\u0173 \u012fsigyti normalesni\u0173 elektronini\u0173 instrument\u0173. Ir tik \u017einomiausi ansambliai gal\u0117jo i\u0161pra\u0161yti i\u0161 vald\u017eios ka\u017ek\u0105 tinkamo, ir tai &#8211; tik Ryt\u0173 Europos gamybos (\u010dek\u0173, vokie\u010di\u0173, rus\u0173). Tr\u016bkstant \u0161iuolaikini\u0173 JAV, Pranc\u016bzijos ar Japonijos kompanij\u0173 elektrini\u0173 gitar\u0173, garso aparat\u016bros ar sintezatori\u0173 nagingesni gaminosi aparat\u016br\u0105 savo poreikiams patys kaip i\u0161man\u0117. Tokiu keliu \u0117jau ir a\u0161: dar mokyklos laikais gaminau elektrines gitaras, efekt\u0173 priedus, net garso kolon\u0117les ir stiprintuvus savo big-byto ansambliukui pagroti \u0161oki\u0173 vakarams, o v\u0117liau &#8211; ir student\u0173 jazz-roko grupei. KPI konkurse \u201eStudent\u0173 balsai&#8217;72\u201c, grodamas jungtin\u0117je Automatikos-Radioelektronikos fakultet\u0173 grup\u0117je gitara, pademonstravau bene pirm\u0105j\u012f \u201eanalogin\u012f sintezatori\u0173\u201c, kur\u012f \u0161iuo vardu g\u0117da ir vadinti, nes tai buvo tik platesnio diapazono sirena su papildomais efektais. Bet daugeliui klausytoj\u0173 tada tai padar\u0117 didel\u012f \u012fsp\u016bd\u012f, nes \u201e\u0161liau\u017eiantys\u201c sintezatoriniai garsai buvo girdimi tik i\u0161 u\u017esienio atlik\u0117j\u0173 disk\u0173, ir tai visame pasaulyje buvo naujiena, nes pirmieji sintezatoriai JAV pasirod\u0117 tik 1970 metais. <\/p>\n\n\n\n<figure class=\"wp-block-image size-large\"><img loading=\"lazy\" width=\"1004\" height=\"753\" src=\"http:\/\/therapystudio.eu\/wp-content\/uploads\/2025\/05\/image-edited.png\" alt=\"\" class=\"wp-image-1384\" srcset=\"http:\/\/therapystudio.eu\/wp-content\/uploads\/2025\/05\/image-edited.png 1004w, http:\/\/therapystudio.eu\/wp-content\/uploads\/2025\/05\/image-edited-300x225.png 300w, http:\/\/therapystudio.eu\/wp-content\/uploads\/2025\/05\/image-edited-768x576.png 768w\" sizes=\"(max-width: 1004px) 100vw, 1004px\" \/><figcaption>Gitarinis pried\u0117lis su sirena, 1968m.<\/figcaption><\/figure>\n\n\n\n<p>Aparat\u016br\u0105 gerai gamindavo in\u017einierius Or\u016bnas Urbonas, i\u0161 kurio daugelis muzikant\u0173 pirkdavo juostinius reverberatorius, stiprintuvus, o akustin\u0119 aparat\u016br\u0105 gal\u0117jo suremontuoti auksarankis in\u017einierius Dzimidavi\u010dius, dar keli entuziastai band\u0117 \u012fvairius elektroninius dalykus. Tarp j\u0173 buvau ir a\u0161, ypa\u010d sek\u0117si v\u0117liau ilgai bendradarbiauti su talentingu konstruktoriumi Algimantu Jovai\u0161a. Po studij\u0173 mes abu patekome \u012f t\u0105 pat\u012f Radijo gamyklos konstravimo biur\u0105, tada vadint\u0105 Mokslinio tyrim\u0173 institutu, kuriame buvo nemenkos galimyb\u0117s konstruoti ir kurti, nes jaun\u0173j\u0173 in\u017einieri\u0173 veikl\u0105 skatino \u201eSavanori\u0161ka draugija armijai ir laivynui remti\u201c. Jos d\u0117ka veik\u0117 Ralio klubas, Kino studija, net ir m\u016bs\u0173 ma\u017ea k\u016brybin\u0117 grup\u0117. Nuo pat pirm\u0173j\u0173 darbo dien\u0173 per pertraukas, sekdamas i\u0161 JAV ka\u017ekokiais keliais gauto \u017eurnalo schemomis prad\u0117jau savo analoginio sintezatoriaus k\u016brimo keli\u0105, kuris u\u017etruko nuo 1978 iki 1982 met\u0173:<\/p>\n\n\n\n<figure class=\"wp-block-image size-large\"><img loading=\"lazy\" width=\"1024\" height=\"986\" src=\"http:\/\/therapystudio.eu\/wp-content\/uploads\/2025\/05\/image-6-1024x986.png\" alt=\"\" class=\"wp-image-1374\" srcset=\"http:\/\/therapystudio.eu\/wp-content\/uploads\/2025\/05\/image-6-1024x986.png 1024w, http:\/\/therapystudio.eu\/wp-content\/uploads\/2025\/05\/image-6-300x289.png 300w, http:\/\/therapystudio.eu\/wp-content\/uploads\/2025\/05\/image-6-768x739.png 768w, http:\/\/therapystudio.eu\/wp-content\/uploads\/2025\/05\/image-6-1536x1479.png 1536w, http:\/\/therapystudio.eu\/wp-content\/uploads\/2025\/05\/image-6.png 1670w\" sizes=\"(max-width: 1024px) 100vw, 1024px\" \/><figcaption>\u017durnalas, inspirav\u0119s sintezatori\u0173 k\u016brybai, 1973<\/figcaption><\/figure>\n\n\n\n<p> \u0160is prototipas, atlaik\u0119s laiko i\u0161bandymus, ne kart\u0105 modifikuotas ir taisytas, veikia ir dabar \u0161ioje studijoje, pasitarnaudamas tolesniems garso eksperimentams. <\/p>\n\n\n\n<figure class=\"wp-block-image size-large\"><img loading=\"lazy\" width=\"1024\" height=\"768\" src=\"http:\/\/therapystudio.eu\/wp-content\/uploads\/2025\/05\/image-1.png\" alt=\"\" class=\"wp-image-1369\" srcset=\"http:\/\/therapystudio.eu\/wp-content\/uploads\/2025\/05\/image-1.png 1024w, http:\/\/therapystudio.eu\/wp-content\/uploads\/2025\/05\/image-1-300x225.png 300w, http:\/\/therapystudio.eu\/wp-content\/uploads\/2025\/05\/image-1-768x576.png 768w\" sizes=\"(max-width: 1024px) 100vw, 1024px\" \/><figcaption>Pirmasis modulinis analoginis &#8211; skaitmeninis sintezatorius RSOUND RS-100, 1978<\/figcaption><\/figure>\n\n\n\n<p>\u0160io prototipo d\u0117ka su Algimantu suk\u016br\u0117me eil\u0119 \u201ekomercini\u0173\u201c analogini\u0173 ir dalinai skaitmenini\u0173 instrument\u0173: bent 5-kis 2,5 oktav\u0173,  1 VCO, 1VCF ir 1 VCA mobilius sintezatorius:<\/p>\n\n\n\n<figure class=\"wp-block-image size-large\"><img loading=\"lazy\" width=\"768\" height=\"1024\" src=\"http:\/\/therapystudio.eu\/wp-content\/uploads\/2025\/05\/image-2-768x1024.png\" alt=\"\" class=\"wp-image-1370\" srcset=\"http:\/\/therapystudio.eu\/wp-content\/uploads\/2025\/05\/image-2-768x1024.png 768w, http:\/\/therapystudio.eu\/wp-content\/uploads\/2025\/05\/image-2-225x300.png 225w, http:\/\/therapystudio.eu\/wp-content\/uploads\/2025\/05\/image-2.png 1024w\" sizes=\"(max-width: 768px) 100vw, 768px\" \/><figcaption>Komercinio koncertinio sintezatoriaus prototipas, 1982<\/figcaption><\/figure>\n\n\n\n<p>bent 20 ar 30 \u201evestuvini\u0173\u201c skaitmenini\u0173 (garsas \u012fra\u0161ytas \u012f ROM atmint\u012f) ir analogini\u0173 b\u016bgn\u0173 sintezatori\u0173:<\/p>\n\n\n\n<figure class=\"wp-block-image size-large\"><img loading=\"lazy\" width=\"1024\" height=\"768\" src=\"http:\/\/therapystudio.eu\/wp-content\/uploads\/2025\/05\/image-3.png\" alt=\"\" class=\"wp-image-1371\" srcset=\"http:\/\/therapystudio.eu\/wp-content\/uploads\/2025\/05\/image-3.png 1024w, http:\/\/therapystudio.eu\/wp-content\/uploads\/2025\/05\/image-3-300x225.png 300w, http:\/\/therapystudio.eu\/wp-content\/uploads\/2025\/05\/image-3-768x576.png 768w\" sizes=\"(max-width: 1024px) 100vw, 1024px\" \/><figcaption>Skaitmeninis b\u016bgn\u0173 sintezatorius PARTNERIS<\/figcaption><\/figure>\n\n\n\n<p> <\/p>\n\n\n\n<figure class=\"wp-block-image size-large\"><img loading=\"lazy\" width=\"1009\" height=\"757\" src=\"http:\/\/therapystudio.eu\/wp-content\/uploads\/2025\/05\/image-4-edited.png\" alt=\"\" class=\"wp-image-1376\" srcset=\"http:\/\/therapystudio.eu\/wp-content\/uploads\/2025\/05\/image-4-edited.png 1009w, http:\/\/therapystudio.eu\/wp-content\/uploads\/2025\/05\/image-4-edited-300x225.png 300w, http:\/\/therapystudio.eu\/wp-content\/uploads\/2025\/05\/image-4-edited-768x576.png 768w\" sizes=\"(max-width: 1009px) 100vw, 1009px\" \/><figcaption>3-j\u0173 analogini\u0173 kanal\u0173 b\u016bgn\u0173 sintezatorius su skaitmeniniu sekvenseriu RS-1001D<\/figcaption><\/figure>\n\n\n\n<p>unikal\u0173 \u201eRSOUND\u201c &#8211; Dynacord RhytmStick kopij\u0105, kuriuo kaip gitara buvo galima groti b\u016bgnais:<\/p>\n\n\n\n<figure class=\"wp-block-image size-large\"><img loading=\"lazy\" width=\"768\" height=\"1024\" src=\"http:\/\/therapystudio.eu\/wp-content\/uploads\/2025\/05\/image-5-768x1024.png\" alt=\"\" class=\"wp-image-1373\" srcset=\"http:\/\/therapystudio.eu\/wp-content\/uploads\/2025\/05\/image-5-768x1024.png 768w, http:\/\/therapystudio.eu\/wp-content\/uploads\/2025\/05\/image-5-225x300.png 225w, http:\/\/therapystudio.eu\/wp-content\/uploads\/2025\/05\/image-5.png 1024w\" sizes=\"(max-width: 768px) 100vw, 768px\" \/><figcaption>RhytmStick RSOUND- b\u016bgn\u0173 valdymo instrumentas, jungiamas \u012f analogin\u012f sintezatori\u0173<\/figcaption><\/figure>\n\n\n\n<p>V\u0117liau &#8211; apie 1985 m. suk\u016br\u0117me didel\u012f dvigub\u0105 4 oktav\u0173 pusiau skaitmenin\u012f sintezatori\u0173, su kuriuo Maskvos tarptautin\u0117je parodoje gavome bronzos medal\u012f ir \u012fgijome \u201eRadijo meistr\u0173-konstruktori\u0173\u201c vardus:<\/p>\n\n\n\n<figure class=\"wp-block-image size-large\"><img loading=\"lazy\" width=\"1024\" height=\"560\" src=\"http:\/\/therapystudio.eu\/wp-content\/uploads\/2025\/05\/image-7-1024x560.png\" alt=\"\" class=\"wp-image-1375\" srcset=\"http:\/\/therapystudio.eu\/wp-content\/uploads\/2025\/05\/image-7-1024x560.png 1024w, http:\/\/therapystudio.eu\/wp-content\/uploads\/2025\/05\/image-7-300x164.png 300w, http:\/\/therapystudio.eu\/wp-content\/uploads\/2025\/05\/image-7-768x420.png 768w, http:\/\/therapystudio.eu\/wp-content\/uploads\/2025\/05\/image-7.png 1184w\" sizes=\"(max-width: 1024px) 100vw, 1024px\" \/><figcaption>Ma\u017easis ir didysis sintezatoriai (Gars\u0173 sintezavimo kompleksas ZCK) su kuriais dalyvavome parodoje Maskvoje. Deja, tik tokia foto i\u0161 archyvo beliko.<\/figcaption><\/figure>\n\n\n\n<p>Apie 1989-1990 metus dar sp\u0117jome sudalyvauti tarptautin\u0117je muzikos intrument\u0173 parodoje Maskvoje, kur klavi\u0161ini\u0173 instrument\u0173 ner\u016bdijan\u010dio plieno stov\u0105, b\u016bgn\u0173 sintezatori\u0173 bei reverberatori\u0173 \u012fsigijo A. Puga\u010diovos komanda, ka\u017ek\u0105 &#8211; ir  grup\u0117 \u201eMa\u0161ina vremeni\u201c. Deja, nors Gorba\u010diovo laikotarpiu ir buvo \u0161ioks toks k\u016brybinis pakilimas ir demokratijos at\u0161ilimas, mums nepavyko sudominti Radijo gamyklos vadovyb\u0117s persiorientuoti nuo pasenusi\u0173 TV kanal\u0173 perjung\u0117j\u0173 link elektronini\u0173 instrument\u0173 gamybos. LR nepriklausomyb\u0117s jud\u0117jimas paskatino gamykl\u0105, dirbusi\u0105 visai soviet\u0173 s\u0105jungai, atsiskirti nuo Maskvos ir u\u017esidaryti, tod\u0117l ir m\u016bs\u0173 konstravimo darbai sustojo. Atsirado \u0161eimos poreikiai, kiti interesai, be to, pagalvojome, kad patys vieni du ilgiau negal\u0117sime bent kiek konkuruoti su Vakar\u0173 gamintojais, kurie masi\u0161kai per\u0117jo prie skaitmenini\u0173 instrument\u0173. Taip savo k\u016bryb\u0105 u\u017emet\u0117me. Klaidingai man\u0117me, kad analogini\u0173 instrument\u0173 laikai pra\u0117jo&#8230;.Pasirod\u0117, kad nuo 2010 met\u0173 ir dabar vyksta nereg\u0117tas analogini\u0173 sintezatori\u0173 atgimimo bumas. Bene visos muzikos instrument\u0173 kompanijos atnaujino sen\u0173 istorini\u0173 modeli\u0173 gamyb\u0105, juos i\u0161tobulino, kuria vis naujus ir vis \u012fvairesnius modulius. Skaitmeniniai instrumentai gali padaryti bet kok\u012f gars\u0105, ta\u010diau kai kuriems muzikantams jie pabodo d\u0117l pernelyg skaitmeninio ir negyvo stiliaus, tuo tarpu analoginiai turi savo \u017eaves\u012f, netik\u0117tumo element\u0105 ir net didesnes k\u016brybos bei eksperimentavimo galimybes. <\/p>\n\n\n\n<p>Pavyd\u017eiu komandoms, kurios i\u0161laik\u0117 analogini\u0173 sintezatori\u0173 k\u016brimo kryptis ir ypa\u010d &#8211; naujai jaun\u0105jai konstruktori\u0173 kartai, kuri pak\u0117l\u0117 \u0161\u012f konstravimo \u201emen\u0105\u201c \u012f nauj\u0105 lyg\u012f, o muzikantai su jais tebeie\u0161ko nauj\u0173 garso niuans\u0173. S\u0117km\u0117s visiems!  <\/p>\n\n\n\n<p class=\"has-medium-font-size\">Besidomintiems sintezatoriais kvie\u010diu pasidairyti Vokietijos parodoje <a rel=\"noreferrer noopener\" href=\"https:\/\/www.superbooth.com\/en\/\" target=\"_blank\">SUPERBOOTH<\/a>.COM. Kur gal ir susitiksime ?<\/p>\n\n\n\n<p><a href=\"https:\/\/www.superbooth.com\/en\/\">https:\/\/www.superbooth.com\/en\/<\/a><\/p>\n\n\n\n<p><\/p>\n","protected":false},"excerpt":{"rendered":"<p>Daugelis m\u016bs\u0173 pa\u017e\u012fstam\u0173 ir draug\u0173 vis klausin\u0117ja apie mano nuo 1968 met\u0173, dar nuo mokyklos ir studij\u0173 KPI Radioelektronikos fakultete laik\u0173, prad\u0117tus eksperimentus kuriant elektroninius instrumentus bei priedus, skirtus pagyvinti muzikant\u0173 sesijas. Tuo metu, kaip dar kas gal dar ir atsimenate, nebuvo prakti\u0161kai joki\u0173 galimybi\u0173 \u012fsigyti normalesni\u0173 elektronini\u0173 instrument\u0173. Ir tik \u017einomiausi ansambliai gal\u0117jo i\u0161pra\u0161yti [&hellip;]<\/p>\n","protected":false},"author":1,"featured_media":0,"parent":0,"menu_order":0,"comment_status":"closed","ping_status":"closed","template":"","meta":{"spay_email":""},"_links":{"self":[{"href":"http:\/\/therapystudio.eu\/index.php?rest_route=\/wp\/v2\/pages\/1367"}],"collection":[{"href":"http:\/\/therapystudio.eu\/index.php?rest_route=\/wp\/v2\/pages"}],"about":[{"href":"http:\/\/therapystudio.eu\/index.php?rest_route=\/wp\/v2\/types\/page"}],"author":[{"embeddable":true,"href":"http:\/\/therapystudio.eu\/index.php?rest_route=\/wp\/v2\/users\/1"}],"replies":[{"embeddable":true,"href":"http:\/\/therapystudio.eu\/index.php?rest_route=%2Fwp%2Fv2%2Fcomments&post=1367"}],"version-history":[{"count":6,"href":"http:\/\/therapystudio.eu\/index.php?rest_route=\/wp\/v2\/pages\/1367\/revisions"}],"predecessor-version":[{"id":1391,"href":"http:\/\/therapystudio.eu\/index.php?rest_route=\/wp\/v2\/pages\/1367\/revisions\/1391"}],"wp:attachment":[{"href":"http:\/\/therapystudio.eu\/index.php?rest_route=%2Fwp%2Fv2%2Fmedia&parent=1367"}],"curies":[{"name":"wp","href":"https:\/\/api.w.org\/{rel}","templated":true}]}}