{"id":1224,"date":"2020-12-14T12:31:04","date_gmt":"2020-12-14T14:31:04","guid":{"rendered":"http:\/\/therapystudio.eu\/?page_id=1224"},"modified":"2024-09-24T12:51:51","modified_gmt":"2024-09-24T14:51:51","slug":"naujienos","status":"publish","type":"page","link":"http:\/\/therapystudio.eu\/","title":{"rendered":"NAUJIENOS"},"content":{"rendered":"\n<p>2024-09-21<\/p>\n\n\n\n<p><\/p>\n\n\n\n<p>M\u016bs\u0173 studijoje rugs\u0117jo 21d. lank\u0117si grup\u0117 pirm\u0173j\u0173 alternatyvios medicinos pradinink\u0173, nor\u0117dami susipa\u017einti su dar viena i\u0161 galim\u0173 papildomos ir alternatyvios terapijos kryp\u010di\u0173 &#8211; Vibroakustine muzikos terapija. Per daugiau, kaip 3 valandas trukusio bendravimo dalyviai susipa\u017eino su VMT istorija, galimyb\u0117mis, prakti\u0161kai i\u0161band\u0117 terapijos priemones. Manau, kad visi liko nustebinti ir pakyl\u0117ti modernia terapija, kuri turi dideles perspektyvas. Lauksime gydytoj\u0173 su platesniu akira\u010diu, kurie gal\u0117t\u0173 ir nor\u0117t\u0173 prisijungti prie tolimesni\u0173 mokslini\u0173 ir taikom\u0173j\u0173 tyrim\u0173.<\/p>\n\n\n\n<figure class=\"wp-block-image size-large\"><img loading=\"lazy\" width=\"1024\" height=\"483\" src=\"http:\/\/therapystudio.eu\/wp-content\/uploads\/2024\/09\/image-2-1024x483.png\" alt=\"\" class=\"wp-image-1353\" srcset=\"http:\/\/therapystudio.eu\/wp-content\/uploads\/2024\/09\/image-2-1024x483.png 1024w, http:\/\/therapystudio.eu\/wp-content\/uploads\/2024\/09\/image-2-300x142.png 300w, http:\/\/therapystudio.eu\/wp-content\/uploads\/2024\/09\/image-2-768x363.png 768w, http:\/\/therapystudio.eu\/wp-content\/uploads\/2024\/09\/image-2-1536x725.png 1536w, http:\/\/therapystudio.eu\/wp-content\/uploads\/2024\/09\/image-2.png 1902w\" sizes=\"(max-width: 1024px) 100vw, 1024px\" \/><\/figure>\n\n\n\n<figure class=\"wp-block-image size-large\"><img loading=\"lazy\" width=\"1024\" height=\"567\" src=\"http:\/\/therapystudio.eu\/wp-content\/uploads\/2024\/09\/image-4-1024x567.png\" alt=\"\" class=\"wp-image-1356\" srcset=\"http:\/\/therapystudio.eu\/wp-content\/uploads\/2024\/09\/image-4-1024x567.png 1024w, http:\/\/therapystudio.eu\/wp-content\/uploads\/2024\/09\/image-4-300x166.png 300w, http:\/\/therapystudio.eu\/wp-content\/uploads\/2024\/09\/image-4-768x425.png 768w, http:\/\/therapystudio.eu\/wp-content\/uploads\/2024\/09\/image-4-1536x850.png 1536w, http:\/\/therapystudio.eu\/wp-content\/uploads\/2024\/09\/image-4.png 1962w\" sizes=\"(max-width: 1024px) 100vw, 1024px\" \/><\/figure>\n\n\n\n<p>Prezentacij\u0105 rasite \u010dia:<\/p>\n\n\n\n<div class=\"wp-block-file\"><a href=\"blob:http:\/\/therapystudio.eu\/60849607-4b99-4a14-930f-6550a44de501\" class=\"wp-block-file__button\" download>Parsisi\u0173sti<\/a><\/div>\n\n\n\n<p> 2024-09-16<\/p>\n\n\n\n<p><strong>2024 m. rugs\u0117jo 14 &#8211; 16 d. Palangoje vyko Baltijos ir \u0160iaur\u0117s \u0161ali\u0173 fizin\u0117s ir reabilitacin\u0117s medicinos forumas. \u012e trij\u0173 dien\u0173 rengin\u012f susirinko apie 200 \u017emoni\u0173 i\u0161 15 \u0161ali\u0173. \u0160io susitikimo organizatoriai \u2013 Fizin\u0117s medicinos ir reabilitacijos gydytoj\u0173 mokslin\u0117 draugija, Klaip\u0117dos universitetas ir Klaip\u0117dos universitetin\u0117 ligonin\u0117. Kongrese sveikinimo kalb\u0105 pasak\u0117 Arturas Razbadauskas &#8211; Klaip\u0117dos universiteto rektorius, Juozas Olekas &#8211; buv\u0119s sveikatos apsaugos ministras, Alvydas Juocevi\u010dius &#8211; Fizin\u0117s medicinos ir reabilitacijos gydytoj\u0173 mokslin\u0117s draugijos prezidentas.<\/strong>  \u0160iame renginyje su prane\u0161imu dalyvavo ir THERAPYSTUDIO.EU \u012fk\u016br\u0117jas Rimvydas Velykis.<\/p>\n\n\n\n<p>Prane\u0161imo prezentacij\u0105 rasite \u010dia:<\/p>\n\n\n\n<div class=\"wp-block-file\"><a href=\"http:\/\/therapystudio.eu\/wp-content\/uploads\/2024\/09\/Enhanced_Vibroakustine_terapija-Auto-saved.pdf\">Enhanced_Vibroakustine_terapija-Auto-saved<\/a><a href=\"http:\/\/therapystudio.eu\/wp-content\/uploads\/2024\/09\/Enhanced_Vibroakustine_terapija-Auto-saved.pdf\" class=\"wp-block-file__button\" download>Parsisi\u0173sti<\/a><\/div>\n\n\n\n<figure class=\"wp-block-image size-large\"><img loading=\"lazy\" width=\"1024\" height=\"607\" src=\"http:\/\/therapystudio.eu\/wp-content\/uploads\/2024\/09\/image-3-1024x607.png\" alt=\"\" class=\"wp-image-1354\" srcset=\"http:\/\/therapystudio.eu\/wp-content\/uploads\/2024\/09\/image-3-1024x607.png 1024w, http:\/\/therapystudio.eu\/wp-content\/uploads\/2024\/09\/image-3-300x178.png 300w, http:\/\/therapystudio.eu\/wp-content\/uploads\/2024\/09\/image-3-768x455.png 768w, http:\/\/therapystudio.eu\/wp-content\/uploads\/2024\/09\/image-3.png 1498w\" sizes=\"(max-width: 1024px) 100vw, 1024px\" \/><\/figure>\n\n\n\n<p><\/p>\n\n\n\n<p>2023-12-12<\/p>\n\n\n\n<p>D\u0117l studijos rekonstravimo darb\u0173 po ilgesn\u0117s pertraukos t\u0119siame relaksacin\u0117s vibroakustin\u0117s muzikos terapijos u\u017esi\u0117mimus. <\/p>\n\n\n\n<p class=\"has-vivid-red-color has-text-color\"><\/p>\n\n\n\n<ul><li>garso trakt\u0105 papild\u0117me naujais auk\u0161\u010diausios kokyb\u0117s studijiniais monitoriais, tod\u0117l dabar gird\u0117site dar kokybi\u0161kesnius garsus, <\/li><\/ul>\n\n\n\n<ul><li>\u017eem\u0173 da\u017eni\u0173 vibracijas kuriame naujais profesionaliais 2 kanal\u0173 \u201esubwoofer\u201c- iais &#8211; jos tapo dar malonesn\u0117s k\u016bnui, <\/li><\/ul>\n\n\n\n<ul><li>garso kompleks\u0105 papild\u0117me CHROMA spalv\u0173 terapijos elementais, t.y. dabar spektr\u0105 galime programuoti norimame \u0161viesos diapazone &#8211; nuo raudonos iki ultravioletin\u0117s, pagal in\u017einieriaus ir terapeuto Anadi Martel (Kanada) metodikas,<\/li><\/ul>\n\n\n\n<ul><li>garso sintez\u0117s kompleks\u0105 papild\u0117me naujausiu WAVESTATE sintezatoriumi, kuriuo galime kurti daugiasluoksnes, turtingas  \u201eambient\u201c melodijas ir relaksacinius garsus.<\/li><\/ul>\n\n\n\n<p> Registruokit\u0117s el. pa\u0161tu: <a rel=\"noreferrer noopener\" href=\"mailto:terapijos.studija@gmail.com\" target=\"_blank\">terapijos.studija@gmail.com<\/a><\/p>\n\n\n\n<p><\/p>\n\n\n\n<p class=\"has-black-color has-text-color has-medium-font-size\">Geros sveikatos ir &#8211; iki pasimatym\u0173!<\/p>\n","protected":false},"excerpt":{"rendered":"<p>2024-09-21 M\u016bs\u0173 studijoje rugs\u0117jo 21d. lank\u0117si grup\u0117 pirm\u0173j\u0173 alternatyvios medicinos pradinink\u0173, nor\u0117dami susipa\u017einti su dar viena i\u0161 galim\u0173 papildomos ir alternatyvios terapijos kryp\u010di\u0173 &#8211; Vibroakustine muzikos terapija. Per daugiau, kaip 3 valandas trukusio bendravimo dalyviai susipa\u017eino su VMT istorija, galimyb\u0117mis, prakti\u0161kai i\u0161band\u0117 terapijos priemones. Manau, kad visi liko nustebinti ir pakyl\u0117ti modernia terapija, kuri turi [&hellip;]<\/p>\n","protected":false},"author":1,"featured_media":0,"parent":0,"menu_order":0,"comment_status":"closed","ping_status":"closed","template":"","meta":{"spay_email":""},"_links":{"self":[{"href":"http:\/\/therapystudio.eu\/index.php?rest_route=\/wp\/v2\/pages\/1224"}],"collection":[{"href":"http:\/\/therapystudio.eu\/index.php?rest_route=\/wp\/v2\/pages"}],"about":[{"href":"http:\/\/therapystudio.eu\/index.php?rest_route=\/wp\/v2\/types\/page"}],"author":[{"embeddable":true,"href":"http:\/\/therapystudio.eu\/index.php?rest_route=\/wp\/v2\/users\/1"}],"replies":[{"embeddable":true,"href":"http:\/\/therapystudio.eu\/index.php?rest_route=%2Fwp%2Fv2%2Fcomments&post=1224"}],"version-history":[{"count":20,"href":"http:\/\/therapystudio.eu\/index.php?rest_route=\/wp\/v2\/pages\/1224\/revisions"}],"predecessor-version":[{"id":1357,"href":"http:\/\/therapystudio.eu\/index.php?rest_route=\/wp\/v2\/pages\/1224\/revisions\/1357"}],"wp:attachment":[{"href":"http:\/\/therapystudio.eu\/index.php?rest_route=%2Fwp%2Fv2%2Fmedia&parent=1224"}],"curies":[{"name":"wp","href":"https:\/\/api.w.org\/{rel}","templated":true}]}}