{"id":103,"date":"2019-09-25T13:54:27","date_gmt":"2019-09-25T15:54:27","guid":{"rendered":"http:\/\/therapystudio.eu\/?page_id=103"},"modified":"2019-12-07T12:22:07","modified_gmt":"2019-12-07T14:22:07","slug":"alternatyvios-terapijos","status":"publish","type":"page","link":"http:\/\/therapystudio.eu\/?page_id=103","title":{"rendered":"Apie alternatyvias terapijas"},"content":{"rendered":"\n<div class=\"wp-block-image\"><figure class=\"aligncenter is-resized\"><img loading=\"lazy\" src=\"http:\/\/therapystudio.eu\/wp-content\/uploads\/2019\/10\/energijos-skaidre.jpeg\" alt=\"\" class=\"wp-image-280\" width=\"459\" height=\"335\" srcset=\"http:\/\/therapystudio.eu\/wp-content\/uploads\/2019\/10\/energijos-skaidre.jpeg 1019w, http:\/\/therapystudio.eu\/wp-content\/uploads\/2019\/10\/energijos-skaidre-300x219.jpeg 300w, http:\/\/therapystudio.eu\/wp-content\/uploads\/2019\/10\/energijos-skaidre-768x561.jpeg 768w\" sizes=\"(max-width: 459px) 100vw, 459px\" \/><\/figure><\/div>\n\n\n\n<p>Egzistuoja visa eil\u0117 i\u0161 pa\u017ei\u016bros skirting\u0173 energini\u0173 sveikatinimo sistem\u0173 ar kryp\u010di\u0173, kuriose vis tik ma\u017eiau ar daugiau, naudojami tokie faktoriai, kaip da\u017enis, tembras, muzikiniai intervalai, muzika ir energija. Priminsime kai kurias i\u0161 j\u0173:<\/p>\n\n\n\n<p><strong>Akupunkt\u016bra ir akupres\u016bra<\/strong>\n\u2013 plonomis adatomis arba pir\u0161t\u0173 spaudimu veikiami tam tikri k\u016bno ta\u0161kai. Kai\nkurie praktikai naudoja ir garsinius kamertonus papildoma energija paveikti\ntinkamus ta\u0161kus.<\/p>\n\n\n\n<p><strong>Vaista\u017eol\u0117s<\/strong> \u2013 augal\u0173 da\u017eniais ir tembrais paveikiamas organizmas.<\/p>\n\n\n\n<p><strong>Vitamin\u0173 terapija<\/strong> \u2013 kaip ir vaista\u017eol\u0117s, veikia da\u017eni\u0173 vibracijomis, harmonizuojant sveikat\u0105.<\/p>\n\n\n\n<p><strong>Aromaterapija<\/strong> \u2013 naudojami augaliniai aliejai k\u016bno \u012ftrinimui, k\u016bno energetinio balanso nustatymui, inhaliacijoms ir kaip priedas vandens ir pirties proced\u016broms.<\/p>\n\n\n\n<p style=\"background-color:#023d56\" class=\"has-text-color has-background has-light-green-cyan-color\"><strong>Jums pageidaujant surengsime atskira aromaterapijos seans\u0105 su \u0161ios terapijos eksperte Daiva. <\/strong><\/p>\n\n\n\n<p><strong>Perl\u0173 ir brangi\u0173j\u0173 metal\u0173 bei brangakmeni\u0173 terapija<\/strong> \u2013 analogi\u0161kai veikia, kaip vaista\u017eoli\u0173 terapija.<\/p>\n\n\n\n<p>Pirties (termo) terapija &#8211; temperat\u016brini\u0173 kontrast\u0173,  vandens proced\u016br\u0173 ir aromaterapijos ir vibroterapijos element\u0173 naudojimas sveikatinimui, siekiant i\u0161valyti ir u\u017egr\u016bdinti organizm\u0105, stimuliuoti jo imunin\u0119 sistem\u0105. <\/p>\n\n\n\n<p style=\"background-color:#02384f\" class=\"has-text-color has-background has-light-green-cyan-color\"><strong>Pageidaujantiems surengsime atskir\u0105 pirties seans\u0105, naudojant vibracines vantas, aroatinius aliejus ir vantas su \u0161ios terapijos ekspertais Rimvydu ir Aurimu. <\/strong><\/p>\n\n\n\n<div class=\"wp-block-image\"><figure class=\"aligncenter is-resized\"><img loading=\"lazy\" src=\"http:\/\/therapystudio.eu\/wp-content\/uploads\/2019\/12\/Pirtis-knyga.jpeg\" alt=\"\" class=\"wp-image-1033\" width=\"138\" height=\"200\" srcset=\"http:\/\/therapystudio.eu\/wp-content\/uploads\/2019\/12\/Pirtis-knyga.jpeg 317w, http:\/\/therapystudio.eu\/wp-content\/uploads\/2019\/12\/Pirtis-knyga-207x300.jpeg 207w\" sizes=\"(max-width: 138px) 100vw, 138px\" \/><figcaption>knyga \u201ePirtis-sveikatos ir gro\u017eio \u0161altinis\u201c<\/figcaption><\/figure><\/div>\n\n\n\n<p><strong>Chroma arba \u0161viesos terapija<\/strong> \u2013 \u0161varios spalvos veikia organizm\u0105 kaip \u0161var\u016bs (pure) da\u017eniai, mai\u0161ytos spalvos \u2013 kaip tembrai.<\/p>\n\n\n\n<p style=\"background-color:#033951\" class=\"has-text-color has-background has-vivid-green-cyan-color\"><strong>M\u016bs\u0173 studijoje pri\u0117mimo kambaryje naudojame programuojamo spektro \u0161viesos \u0161altinius, o vibroakustin\u0117s muzikos terapijos metu &#8211; fonin\u012f dinamin\u012f ap\u0161vietim\u0105 bei grafines vizualizacijas.<\/strong><\/p>\n\n\n\n<p><strong>Holotropinis kv\u0117pavimas<\/strong> \u2013 naudoja specialias kv\u0117pavimo technikas kartu su mandala pie\u0161imu, specialia muzika, energijos koncentracija, siekiant vienyb\u0117s su \u0160altiniu.<\/p>\n\n\n\n<p><strong>Chiropraktika<\/strong> \u2013 stuburo tiesinimas rankomis ar siun\u010diant energij\u0105 per atstum\u0105. Garso terapiniai stalai \u2013 viena i\u0161 naudotin\u0173 ir papildom\u0173 chiropraktikos technologij\u0173.<\/p>\n\n\n\n<p><strong>Osteopatin\u0117 terapija <\/strong>\u2013 kineziterapijos atmaina, kai paciento k\u016bnas, ypa\u010d stuburo zona, veikiama vien tik jautriomis osteopato rankomis, \u0161alinant skausmus ir kitus negalavimus.<\/p>\n\n\n\n<p><strong>Kraniosakralin\u0117 terapija<\/strong> \u2013 pana\u0161i \u012f osteopatin\u0119 terapij\u0105, tik rankomis veikiamas k\u016bno skys\u010di\u0173, ypa\u010d i\u0161 smegen\u0173, tek\u0117jimas.<\/p>\n\n\n\n<p><strong>Psichoterapija<\/strong> \u2013 specialisto konsultacijos, pokalbiai su pacientu, siekiant suma\u017einti streso, baimi\u0173, trauma, kompleks\u0173 pasekmes ar kitaip teigiamai paveikti emocines b\u016bsenas.<\/p>\n\n\n\n<p><strong>\u0160okio \/ Judesio terapija<\/strong> \u2013 muzikos ir judesio ritmu gydomi fiziniai ir emociniai negalavimai.<\/p>\n\n\n\n<p><strong>Feng\u0161ui<\/strong> \u2013 senovin\u0117 kin\u0173 tradicija parinkti harmoning\u0105 aplink\u0105, kad energija tek\u0117t\u0173 laisvai.<\/p>\n\n\n\n<p><strong>Homeopatija<\/strong> \u2013 labai silpnais medikamentais siekiama suaktyvinti pat\u012f organizm\u0105 kovoti su negalavimais, paveikiant j\u012f atitinkam\u0173 med\u017eiag\u0173 rezonansiniais da\u017eniais.<\/p>\n\n\n\n<p><strong>Apiterapija<\/strong> \u2013 bi\u010di\u0173 produkt\u0173 (medaus, \u017eiedadulki\u0173, propolio, duonel\u0117s, trauktini\u0173) naudojimas sveikatinimui ir lig\u0173 profilaktikai.<\/p>\n\n\n\n<p style=\"background-color:#033b52\" class=\"has-text-color has-background has-light-green-cyan-color\">M\u016bs\u0173 studijoje pageidaujantiems surengsime atskir\u0105 apiterapijos produkt\u0173 pristatym\u0105 ir konsultacijas, dalyvaujant prof. J.A.Gendroliui.<\/p>\n\n\n\n<p><strong>Bi\u010di\u0173 avilio terapija<\/strong> \u2013 Dievo dovana \u017emonijai \u2013 bi\u010di\u0173 \u0161eimos ramus, darbingas ir harmoningas d\u016bzgesys teigiamai veikia \u017emog\u0173, ypa\u010d vaikus, kartu su skleid\u017eiamu nuostabiu medaus aromatu ir subtilia de\u0161im\u010di\u0173 t\u016bkstan\u010di\u0173 bi\u010di\u0173 energetika \u2013 NAUJIENA! (Yra praktikuojama Lietuvoje, bet ma\u017eai \u017einoma pasaulyje \u2013 aut. pastaba)<\/p>\n\n\n\n<p><\/p>\n\n\n\n<p class=\"has-text-color has-very-dark-gray-color\"><strong>Hipnoterapija<\/strong> \u2013 hipnoz\u0117s\ntechnika teta b\u016bsenoje pacientas nukeliamas \u012f gili\u0105 pasamon\u0119, siekiant\natsikratyti emocini\u0173 ir fizini\u0173 negalavim\u0173, (kartais \u2013 ir susipa\u017einti su\npraeitais gyvenimais pagal reinkarnacijos teorijas),<\/p>\n\n\n\n<p><strong>Terapinis masa\u017eas<\/strong> \u2013 raumen\u0173 atpalaidavimas, naudojant rank\u0173 plek\u0161nojim\u0105, spaudim\u0105, vibracijas, tempimus. Geras masa\u017euotojas veikia ne tik fizi\u0161kai, bet ir dvasi\u0161kai, tod\u0117l svarbu rasti tinkam\u0105 terapeut\u0105! Geras variantas \u2013 norvegi\u0161ka REDCORD (https:\/\/www.gemma.lt\/lt\/Redcord-greitas-budas-malsinti-skausma)  k\u016bno pakabinimo technologija, kuri perkelia k\u016bn\u0105 \u012f \u201cnesvarumo\u201d b\u016bsen\u0105, o vibruojant pakabinimo virves \u2013 suteikia ir papildom\u0105 gydom\u0105j\u0105 energij\u0105,<\/p>\n\n\n\n<p><strong>Radionika<\/strong> \u2013 k\u016bnas veikiamas elektromagnetiniu lauku.<\/p>\n\n\n\n<p><strong>Reiki <\/strong>\u2013 \u0161velnus energijos k\u016bnui perdavimas, blok\u0173 naikinimas naudojant senovin\u0119 Tibeto technik\u0105.<\/p>\n\n\n\n<p><strong>Joga<\/strong> \u2013 k\u016bno, minties ir judesio pratimai muzikos fone, harmonizuojantys energijos tek\u0117jim\u0105 k\u016bne.<\/p>\n\n\n\n<p><strong>Cigunas<\/strong> \u2013 fiziniai, kv\u0117pavimo ir susikaupimo pratimai, siekiant tobulo \u010di energijos cirkuliavimo. Tai \u2013 i\u0161 principo tik keli elementar\u016bs pratimai, atliekami periodi\u0161kai ir giliai susikaupus, bet efektas &#8211; stulbinantis.<\/p>\n\n\n\n<div class=\"wp-block-image\"><figure class=\"aligncenter is-resized\"><img loading=\"lazy\" src=\"http:\/\/therapystudio.eu\/wp-content\/uploads\/2019\/12\/Cigunas-knyga.jpeg\" alt=\"\" class=\"wp-image-1034\" width=\"142\" height=\"206\" srcset=\"http:\/\/therapystudio.eu\/wp-content\/uploads\/2019\/12\/Cigunas-knyga.jpeg 277w, http:\/\/therapystudio.eu\/wp-content\/uploads\/2019\/12\/Cigunas-knyga-207x300.jpeg 207w\" sizes=\"(max-width: 142px) 100vw, 142px\" \/><figcaption>knyga \u201eCigunas\u201c<\/figcaption><\/figure><\/div>\n\n\n\n<p><strong>\u012esi\u017eeminimas<\/strong> \u2013 ma\u017eai \u017einoma, kad \u017emogus, ypa\u010d didmies\u010duose, neturi k\u016bno s\u0105ly\u010dio su \u017eeme, tod\u0117l pastoviai yra \u012felektrintas ir \u201cne\u0161ioja\u201d statin\u012f elektin\u012f kr\u016bv\u012f, kuris neigiamai veikia sveikat\u0105. Taikoma vaik\u0161\u010diojimo basomis, maudymosi j\u016broje, arba, nesant toki\u0173 galimybi\u0173 mieste \u2013 sidabro ar \u012f\u017eeminimo apyranki\u0173 naudojimo technika, taip prijungiant k\u016bn\u0105 prie motinos \u017dem\u0117s nulinio potencialo.<\/p>\n\n\n\n<p style=\"background-color:#023d56\" class=\"has-text-color has-background has-light-green-cyan-color\"><strong>M\u016bs\u0173 studijos terapinis stalas turi ner\u016bdijan\u010dio plieno isi\u017eeminimo rankenas, kurias lie\u010diant seanso metu J\u016bs atsikratysite per dien\u0105 sukaupto parazitinio energijos kr\u016bvio.<\/strong><\/p>\n\n\n\n<div class=\"wp-block-image\"><figure class=\"aligncenter is-resized\"><img loading=\"lazy\" src=\"http:\/\/therapystudio.eu\/wp-content\/uploads\/2019\/12\/Isizeminimas-knyga.jpeg\" alt=\"\" class=\"wp-image-1035\" width=\"144\" height=\"196\" srcset=\"http:\/\/therapystudio.eu\/wp-content\/uploads\/2019\/12\/Isizeminimas-knyga.jpeg 306w, http:\/\/therapystudio.eu\/wp-content\/uploads\/2019\/12\/Isizeminimas-knyga-220x300.jpeg 220w\" sizes=\"(max-width: 144px) 100vw, 144px\" \/><figcaption>knyga \u201e\u012esi\u017eeminimas\u201c<\/figcaption><\/figure><\/div>\n\n\n\n<p><strong>Muzikos terapija<\/strong> \u2013 specialiai parinkta relaksuojanti, emoci\u0161kai teigiamai nuteikianti, tyli muzika. Kai kada naudojami ir stipresni, specifiniai da\u017eniai.<\/p>\n\n\n\n<p><strong>Binauralin\u0117 tarapija<\/strong> \u2013 smegen\u0173 bioritm\u0173 koregavimas, siekiant stimuliacijos arba relaksacijos, naudojant garso da\u017enio skirtumus stereo ausin\u0117se.<\/p>\n\n\n\n<p style=\"background-color:#023d56\" class=\"has-text-color has-background has-light-green-cyan-color\"><strong>M\u016bs\u0173 studijoje binauraliniai da\u017eniai su relaksuojan\u010diais gamtos garsais klausomi per ausines seanso metu.<\/strong><\/p>\n\n\n\n<p><strong>Vibracin\u0117 terapija <\/strong>&#8211; u\u017eprogramuoti mechaniniai virpesiai, per plok\u0161\u010di\u0105 pavir\u0161i\u0173 veikiantis ant jos stovint\u012f \u017emog\u0173. NASA naudoja kosmonaut\u0173 kaul\u0173 ret\u0117jimo profilaktikai kosmose. <\/p>\n\n\n\n<p style=\"background-color:#02415b;font-size:-1px\" class=\"has-text-color has-background has-light-green-cyan-color\"><strong>M\u016bs\u0173 studijoje gal\u0117site pasinaudoti Vibromechanine platforma ir Medisana \u0160iatsu masa\u017eo \u012franga nemokamai.<\/strong><\/p>\n\n\n\n<div class=\"wp-block-image\"><figure class=\"aligncenter\"><img loading=\"lazy\" width=\"180\" height=\"315\" src=\"http:\/\/therapystudio.eu\/wp-content\/uploads\/2019\/12\/Medisana-siatsu-kede.jpeg\" alt=\"\" class=\"wp-image-1036\" srcset=\"http:\/\/therapystudio.eu\/wp-content\/uploads\/2019\/12\/Medisana-siatsu-kede.jpeg 180w, http:\/\/therapystudio.eu\/wp-content\/uploads\/2019\/12\/Medisana-siatsu-kede-171x300.jpeg 171w\" sizes=\"(max-width: 180px) 100vw, 180px\" \/><figcaption>Medisana \u0160iatsu masa\u017eo k\u0117d\u0117<\/figcaption><\/figure><\/div>\n\n\n\n<p><strong>Vibroakustin\u0117 terapija<\/strong> \u2013 specialiai parinkti konkret\u016bs da\u017eniai ar j\u0173 sekos per garsiakalbius ar keitiklius (transducer) virpina stalo, k\u0117d\u0117s, gulto ar kito baldo pavir\u0161i\u0173. \u0160ie virpesiai stimuliuoja \u017emogaus k\u016bn\u0105 platesniame, nei tik vibracin\u0117s terapijos atveju, diapazone. Naudojama moksliniams da\u017enio poveikio tyrimams.<\/p>\n\n\n\n<p><strong>Vibroakustin\u0117 muzikos terapija<\/strong> &#8211; muzikos terapijos, masa\u017eo ir relaksacinio atpalaidavimo proced\u016br\u0173 sintez\u0117, kai harmoningi, specialiai sukurti muzikini\u0173 \u012fra\u0161\u0173 virpesiai per didel\u0117s galios \u017eemo da\u017enio garsiakalbius giliai persmelkia \u017emogaus k\u016bn\u0105 jo gilaus atpalaidavimo ir psichologinio bei energetinio stimuliavimo tikslu. <\/p>\n\n\n\n<figure class=\"wp-block-image\"><img loading=\"lazy\" width=\"991\" height=\"544\" src=\"http:\/\/therapystudio.eu\/wp-content\/uploads\/2019\/09\/vmt-skaidre.jpeg\" alt=\"\" class=\"wp-image-204\" srcset=\"http:\/\/therapystudio.eu\/wp-content\/uploads\/2019\/09\/vmt-skaidre.jpeg 991w, http:\/\/therapystudio.eu\/wp-content\/uploads\/2019\/09\/vmt-skaidre-300x165.jpeg 300w, http:\/\/therapystudio.eu\/wp-content\/uploads\/2019\/09\/vmt-skaidre-768x422.jpeg 768w\" sizes=\"(max-width: 991px) 100vw, 991px\" \/><\/figure>\n\n\n\n<p style=\"background-color:#023e58\" class=\"has-text-color has-background has-light-green-cyan-color\"><strong>B\u016btent \u0161i\u0105 terapij\u0105 J\u016bs gal\u0117site i\u0161bandyti ir ja pasinaudoti m\u016bs\u0173 studijoje. Tai &#8211; stipriausiai veikianti energeti\u0161kai ir psichologi\u0161kai, naujausias technologijas su istorine patirtimi apjungianti terapija, kurioje, nors naudojami specifiniai ir galingi muzikiniai da\u017eniai, naudojamos saugios doz\u0117s ir maloni proced\u016br\u0173 trukm\u0117. Jos metu proced\u016br\u0105 papildysime kit\u0173 \u012fdomi\u0173 terapij\u0173 elementais: biolauko valymu, Himalaj\u0173 duben\u0173 skambesiu, aromaterapija, spalv\u0173 terapija, kineziterapijos ir kit\u0173 terapij\u0173 elementais. <\/strong><\/p>\n\n\n\n<p><a href=\"https:\/\/www.facebook.com\/pg\/Lietuvos-sveikos-gyvensenos-ir-nat%C5%ABralios-medicinos-r%C5%ABmai-846443888878694\/posts\/\">https:\/\/www.facebook.com\/pg\/Lietuvos-sveikos-gyvensenos-ir-nat%C5%ABralios-medicinos-r%C5%ABmai-846443888878694\/posts\/<\/a><\/p>\n","protected":false},"excerpt":{"rendered":"<p>Egzistuoja visa eil\u0117 i\u0161 pa\u017ei\u016bros skirting\u0173 energini\u0173 sveikatinimo sistem\u0173 ar kryp\u010di\u0173, kuriose vis tik ma\u017eiau ar daugiau, naudojami tokie faktoriai, kaip da\u017enis, tembras, muzikiniai intervalai, muzika ir energija. Priminsime kai kurias i\u0161 j\u0173: Akupunkt\u016bra ir akupres\u016bra \u2013 plonomis adatomis arba pir\u0161t\u0173 spaudimu veikiami tam tikri k\u016bno ta\u0161kai. Kai kurie praktikai naudoja ir garsinius kamertonus papildoma [&hellip;]<\/p>\n","protected":false},"author":1,"featured_media":0,"parent":14,"menu_order":0,"comment_status":"closed","ping_status":"closed","template":"","meta":{"spay_email":""},"_links":{"self":[{"href":"http:\/\/therapystudio.eu\/index.php?rest_route=\/wp\/v2\/pages\/103"}],"collection":[{"href":"http:\/\/therapystudio.eu\/index.php?rest_route=\/wp\/v2\/pages"}],"about":[{"href":"http:\/\/therapystudio.eu\/index.php?rest_route=\/wp\/v2\/types\/page"}],"author":[{"embeddable":true,"href":"http:\/\/therapystudio.eu\/index.php?rest_route=\/wp\/v2\/users\/1"}],"replies":[{"embeddable":true,"href":"http:\/\/therapystudio.eu\/index.php?rest_route=%2Fwp%2Fv2%2Fcomments&post=103"}],"version-history":[{"count":9,"href":"http:\/\/therapystudio.eu\/index.php?rest_route=\/wp\/v2\/pages\/103\/revisions"}],"predecessor-version":[{"id":1038,"href":"http:\/\/therapystudio.eu\/index.php?rest_route=\/wp\/v2\/pages\/103\/revisions\/1038"}],"up":[{"embeddable":true,"href":"http:\/\/therapystudio.eu\/index.php?rest_route=\/wp\/v2\/pages\/14"}],"wp:attachment":[{"href":"http:\/\/therapystudio.eu\/index.php?rest_route=%2Fwp%2Fv2%2Fmedia&parent=103"}],"curies":[{"name":"wp","href":"https:\/\/api.w.org\/{rel}","templated":true}]}}